{"id":118,"date":"2015-09-20T17:24:52","date_gmt":"2015-09-20T15:24:52","guid":{"rendered":"http:\/\/www.menschen-in-bewegung.de\/?page_id=118"},"modified":"2026-03-09T20:42:07","modified_gmt":"2026-03-09T19:42:07","slug":"kinderturnen","status":"publish","type":"page","link":"https:\/\/www.menschen-in-bewegung.de\/index.php\/sportangebote\/kinderturnen\/","title":{"rendered":"Kinderturnen"},"content":{"rendered":"<table style=\"width: 100%;\">\n<tbody>\n<tr style=\"background-color: #c4ca72;\">\n<th style=\"padding: 5px;\"><b>Wochentag<\/b><\/th>\n<th style=\"padding: 5px;\"><b>Gruppe<\/b><\/th>\n<th style=\"padding: 5px;\"><b>Info<\/b><\/th>\n<\/tr>\n<tr>\n<td style=\"padding: 5px;\">Montag<\/td>\n<td style=\"padding: 5px;\"><\/td>\n<td style=\"padding: 5px;\"><\/td>\n<\/tr>\n<tr>\n<td style=\"padding: 5px;\"><b>Dienstag<\/b><\/td>\n<td style=\"padding: 5px;\"><b>Sportkiddies<\/b><br \/>\n16:00 bis 17:30 Uhr<\/td>\n<td style=\"padding: 5px;\">Sport und Spa\u00df f\u00fcr 4 bis 7 J\u00e4hrige. W\u00f6chentlich.<br \/>\n<a href=\"\/index.php\/sportangebote\/kinderturnen\/sportkiddies\/\"><i class=\"fa fa-share\"><\/i> mehr Informationen<\/a><\/td>\n<\/tr>\n<tr>\n<td style=\"padding: 5px;\"><b>Mittwoch<\/b><\/td>\n<td style=\"padding: 5px;\"><b>Sportkiddies<\/b><br \/>\n15:30 \u2013 16:45 Uhr<\/td>\n<td style=\"padding: 5px;\">Sport und Spa\u00df f\u00fcr 4 bis 7 J\u00e4hrige. W\u00f6chentlich.<br \/>\n<a href=\"\/index.php\/sportangebote\/kinderturnen\/sportkiddies\/\"><i class=\"fa fa-share\"><\/i> mehr Informationen<\/a><\/td>\n<\/tr>\n<tr>\n<td style=\"padding: 5px;\">Donnerstag<\/td>\n<td style=\"padding: 5px;\"><\/td>\n<td style=\"padding: 5px;\"><\/td>\n<\/tr>\n<tr>\n<td style=\"padding: 5px;\">Freitag<\/td>\n<td style=\"padding: 5px;\"><\/td>\n<td style=\"padding: 5px;\"><\/td>\n<\/tr>\n<tr>\n<td style=\"padding: 5px;\"><b>Samstag<\/b><\/td>\n<td style=\"padding: 5px;\"><b>Mix Kids<\/b><br \/>\n9:30 &#8211; 11:00 Uhr<\/td>\n<td style=\"padding: 5px;\">Sport und Spa\u00df f\u00fcr Kinder im Alter von 6 \u2013 14 Jahren. 2-w\u00f6chentlich.<br \/>\n<a href=\"\/index.php\/sportangebote\/kinderturnen\/mix-kids\/\"><i class=\"fa fa-share\"><\/i> mehr Informationen<\/a><\/td>\n<\/tr>\n<tr>\n<td style=\"padding: 5px;\">Sonntag<\/td>\n<td style=\"padding: 5px;\"><\/td>\n<td style=\"padding: 5px;\"><\/td>\n<\/tr>\n<\/tbody>\n<\/table>\n<p><img loading=\"lazy\" decoding=\"async\" src=\"\/wp-content\/uploads\/2015\/09\/header_kinderturnen.jpg\" alt=\"Turnende Kinder\" width=\"675\" height=\"343\" \/><\/p>\n","protected":false},"excerpt":{"rendered":"<p>Wochentag Gruppe Info Montag Dienstag Sportkiddies 16:00 bis 17:30 Uhr Sport und Spa\u00df f\u00fcr 4 bis 7 J\u00e4hrige. W\u00f6chentlich. mehr Informationen Mittwoch Sportkiddies 15:30 \u2013 16:45 Uhr Sport und Spa\u00df &#8230; <a class=\"read-more\" href=\"https:\/\/www.menschen-in-bewegung.de\/index.php\/sportangebote\/kinderturnen\/\"><b>Weiterlesen<\/b><\/a><\/p>\n","protected":false},"author":7,"featured_media":0,"parent":18,"menu_order":1,"comment_status":"closed","ping_status":"closed","template":"","meta":{"footnotes":""},"class_list":["post-118","page","type-page","status-publish"],"yoast_head":"<!-- This site is optimized with the Yoast SEO plugin v26.8 - https:\/\/yoast.com\/product\/yoast-seo-wordpress\/ -->\n<title>Kinderturnen - Menschen in Bewegung e.V.<\/title>\n<meta name=\"robots\" content=\"index, follow, max-snippet:-1, max-image-preview:large, max-video-preview:-1\" \/>\n<link rel=\"canonical\" href=\"https:\/\/www.menschen-in-bewegung.de\/index.php\/sportangebote\/kinderturnen\/\" \/>\n<meta property=\"og:locale\" content=\"de_DE\" \/>\n<meta property=\"og:type\" content=\"article\" \/>\n<meta property=\"og:title\" content=\"Kinderturnen - Menschen in Bewegung e.V.\" \/>\n<meta property=\"og:description\" content=\"Wochentag Gruppe Info Montag Dienstag Sportkiddies 16:00 bis 17:30 Uhr Sport und Spa\u00df f\u00fcr 4 bis 7 J\u00e4hrige. W\u00f6chentlich. mehr Informationen Mittwoch Sportkiddies 15:30 \u2013 16:45 Uhr Sport und Spa\u00df ... Weiterlesen\" \/>\n<meta property=\"og:url\" content=\"https:\/\/www.menschen-in-bewegung.de\/index.php\/sportangebote\/kinderturnen\/\" \/>\n<meta property=\"og:site_name\" content=\"Menschen in Bewegung e.V.\" \/>\n<meta property=\"article:modified_time\" content=\"2026-03-09T19:42:07+00:00\" \/>\n<meta name=\"twitter:card\" content=\"summary_large_image\" \/>\n<meta name=\"twitter:label1\" content=\"Gesch\u00e4tzte Lesezeit\" \/>\n\t<meta name=\"twitter:data1\" content=\"1\u00a0Minute\" \/>\n<script type=\"application\/ld+json\" class=\"yoast-schema-graph\">{\"@context\":\"https:\/\/schema.org\",\"@graph\":[{\"@type\":\"WebPage\",\"@id\":\"https:\/\/www.menschen-in-bewegung.de\/index.php\/sportangebote\/kinderturnen\/\",\"url\":\"https:\/\/www.menschen-in-bewegung.de\/index.php\/sportangebote\/kinderturnen\/\",\"name\":\"Kinderturnen - Menschen in Bewegung e.V.\",\"isPartOf\":{\"@id\":\"https:\/\/www.menschen-in-bewegung.de\/#website\"},\"datePublished\":\"2015-09-20T15:24:52+00:00\",\"dateModified\":\"2026-03-09T19:42:07+00:00\",\"breadcrumb\":{\"@id\":\"https:\/\/www.menschen-in-bewegung.de\/index.php\/sportangebote\/kinderturnen\/#breadcrumb\"},\"inLanguage\":\"de\",\"potentialAction\":[{\"@type\":\"ReadAction\",\"target\":[\"https:\/\/www.menschen-in-bewegung.de\/index.php\/sportangebote\/kinderturnen\/\"]}]},{\"@type\":\"BreadcrumbList\",\"@id\":\"https:\/\/www.menschen-in-bewegung.de\/index.php\/sportangebote\/kinderturnen\/#breadcrumb\",\"itemListElement\":[{\"@type\":\"ListItem\",\"position\":1,\"name\":\"Home\",\"item\":\"https:\/\/www.menschen-in-bewegung.de\/\"},{\"@type\":\"ListItem\",\"position\":2,\"name\":\"Sportangebote\",\"item\":\"https:\/\/www.menschen-in-bewegung.de\/index.php\/sportangebote\/\"},{\"@type\":\"ListItem\",\"position\":3,\"name\":\"Kinderturnen\"}]},{\"@type\":\"WebSite\",\"@id\":\"https:\/\/www.menschen-in-bewegung.de\/#website\",\"url\":\"https:\/\/www.menschen-in-bewegung.de\/\",\"name\":\"Menschen in Bewegung e.V.\",\"description\":\"\",\"publisher\":{\"@id\":\"https:\/\/www.menschen-in-bewegung.de\/#organization\"},\"potentialAction\":[{\"@type\":\"SearchAction\",\"target\":{\"@type\":\"EntryPoint\",\"urlTemplate\":\"https:\/\/www.menschen-in-bewegung.de\/?s={search_term_string}\"},\"query-input\":{\"@type\":\"PropertyValueSpecification\",\"valueRequired\":true,\"valueName\":\"search_term_string\"}}],\"inLanguage\":\"de\"},{\"@type\":\"Organization\",\"@id\":\"https:\/\/www.menschen-in-bewegung.de\/#organization\",\"name\":\"Menschen in Bewegung e.V.\",\"url\":\"https:\/\/www.menschen-in-bewegung.de\/\",\"logo\":{\"@type\":\"ImageObject\",\"inLanguage\":\"de\",\"@id\":\"https:\/\/www.menschen-in-bewegung.de\/#\/schema\/logo\/image\/\",\"url\":\"https:\/\/www.menschen-in-bewegung.de\/wp-content\/uploads\/2015\/11\/logo_mebe_v2.png\",\"contentUrl\":\"https:\/\/www.menschen-in-bewegung.de\/wp-content\/uploads\/2015\/11\/logo_mebe_v2.png\",\"width\":500,\"height\":100,\"caption\":\"Menschen in Bewegung e.V.\"},\"image\":{\"@id\":\"https:\/\/www.menschen-in-bewegung.de\/#\/schema\/logo\/image\/\"}}]}<\/script>\n<!-- \/ Yoast SEO plugin. -->","yoast_head_json":{"title":"Kinderturnen - Menschen in Bewegung e.V.","robots":{"index":"index","follow":"follow","max-snippet":"max-snippet:-1","max-image-preview":"max-image-preview:large","max-video-preview":"max-video-preview:-1"},"canonical":"https:\/\/www.menschen-in-bewegung.de\/index.php\/sportangebote\/kinderturnen\/","og_locale":"de_DE","og_type":"article","og_title":"Kinderturnen - Menschen in Bewegung e.V.","og_description":"Wochentag Gruppe Info Montag Dienstag Sportkiddies 16:00 bis 17:30 Uhr Sport und Spa\u00df f\u00fcr 4 bis 7 J\u00e4hrige. W\u00f6chentlich. mehr Informationen Mittwoch Sportkiddies 15:30 \u2013 16:45 Uhr Sport und Spa\u00df ... Weiterlesen","og_url":"https:\/\/www.menschen-in-bewegung.de\/index.php\/sportangebote\/kinderturnen\/","og_site_name":"Menschen in Bewegung e.V.","article_modified_time":"2026-03-09T19:42:07+00:00","twitter_card":"summary_large_image","twitter_misc":{"Gesch\u00e4tzte Lesezeit":"1\u00a0Minute"},"schema":{"@context":"https:\/\/schema.org","@graph":[{"@type":"WebPage","@id":"https:\/\/www.menschen-in-bewegung.de\/index.php\/sportangebote\/kinderturnen\/","url":"https:\/\/www.menschen-in-bewegung.de\/index.php\/sportangebote\/kinderturnen\/","name":"Kinderturnen - Menschen in Bewegung e.V.","isPartOf":{"@id":"https:\/\/www.menschen-in-bewegung.de\/#website"},"datePublished":"2015-09-20T15:24:52+00:00","dateModified":"2026-03-09T19:42:07+00:00","breadcrumb":{"@id":"https:\/\/www.menschen-in-bewegung.de\/index.php\/sportangebote\/kinderturnen\/#breadcrumb"},"inLanguage":"de","potentialAction":[{"@type":"ReadAction","target":["https:\/\/www.menschen-in-bewegung.de\/index.php\/sportangebote\/kinderturnen\/"]}]},{"@type":"BreadcrumbList","@id":"https:\/\/www.menschen-in-bewegung.de\/index.php\/sportangebote\/kinderturnen\/#breadcrumb","itemListElement":[{"@type":"ListItem","position":1,"name":"Home","item":"https:\/\/www.menschen-in-bewegung.de\/"},{"@type":"ListItem","position":2,"name":"Sportangebote","item":"https:\/\/www.menschen-in-bewegung.de\/index.php\/sportangebote\/"},{"@type":"ListItem","position":3,"name":"Kinderturnen"}]},{"@type":"WebSite","@id":"https:\/\/www.menschen-in-bewegung.de\/#website","url":"https:\/\/www.menschen-in-bewegung.de\/","name":"Menschen in Bewegung e.V.","description":"","publisher":{"@id":"https:\/\/www.menschen-in-bewegung.de\/#organization"},"potentialAction":[{"@type":"SearchAction","target":{"@type":"EntryPoint","urlTemplate":"https:\/\/www.menschen-in-bewegung.de\/?s={search_term_string}"},"query-input":{"@type":"PropertyValueSpecification","valueRequired":true,"valueName":"search_term_string"}}],"inLanguage":"de"},{"@type":"Organization","@id":"https:\/\/www.menschen-in-bewegung.de\/#organization","name":"Menschen in Bewegung e.V.","url":"https:\/\/www.menschen-in-bewegung.de\/","logo":{"@type":"ImageObject","inLanguage":"de","@id":"https:\/\/www.menschen-in-bewegung.de\/#\/schema\/logo\/image\/","url":"https:\/\/www.menschen-in-bewegung.de\/wp-content\/uploads\/2015\/11\/logo_mebe_v2.png","contentUrl":"https:\/\/www.menschen-in-bewegung.de\/wp-content\/uploads\/2015\/11\/logo_mebe_v2.png","width":500,"height":100,"caption":"Menschen in Bewegung e.V."},"image":{"@id":"https:\/\/www.menschen-in-bewegung.de\/#\/schema\/logo\/image\/"}}]}},"_links":{"self":[{"href":"https:\/\/www.menschen-in-bewegung.de\/index.php\/wp-json\/wp\/v2\/pages\/118","targetHints":{"allow":["GET"]}}],"collection":[{"href":"https:\/\/www.menschen-in-bewegung.de\/index.php\/wp-json\/wp\/v2\/pages"}],"about":[{"href":"https:\/\/www.menschen-in-bewegung.de\/index.php\/wp-json\/wp\/v2\/types\/page"}],"author":[{"embeddable":true,"href":"https:\/\/www.menschen-in-bewegung.de\/index.php\/wp-json\/wp\/v2\/users\/7"}],"replies":[{"embeddable":true,"href":"https:\/\/www.menschen-in-bewegung.de\/index.php\/wp-json\/wp\/v2\/comments?post=118"}],"version-history":[{"count":24,"href":"https:\/\/www.menschen-in-bewegung.de\/index.php\/wp-json\/wp\/v2\/pages\/118\/revisions"}],"predecessor-version":[{"id":1325,"href":"https:\/\/www.menschen-in-bewegung.de\/index.php\/wp-json\/wp\/v2\/pages\/118\/revisions\/1325"}],"up":[{"embeddable":true,"href":"https:\/\/www.menschen-in-bewegung.de\/index.php\/wp-json\/wp\/v2\/pages\/18"}],"wp:attachment":[{"href":"https:\/\/www.menschen-in-bewegung.de\/index.php\/wp-json\/wp\/v2\/media?parent=118"}],"curies":[{"name":"wp","href":"https:\/\/api.w.org\/{rel}","templated":true}]}}