{"id":140,"date":"2015-09-20T18:22:39","date_gmt":"2015-09-20T16:22:39","guid":{"rendered":"http:\/\/www.menschen-in-bewegung.de\/?page_id=140"},"modified":"2026-03-09T20:37:46","modified_gmt":"2026-03-09T19:37:46","slug":"sportmaeuse","status":"publish","type":"page","link":"https:\/\/www.menschen-in-bewegung.de\/index.php\/sportangebote\/eltern-kind-turnen\/sportmaeuse\/","title":{"rendered":"Sportm\u00e4use"},"content":{"rendered":"<p>Die Gruppe besteht aus Kindern im Alter von 1-3 Jahren und sind somit die Kleinsten in unserem Verein.<\/p>\n<p>Wir beginnen unsere Sportstunde mit unseren Ritualliedern. Die M\u00e4use k\u00f6nnen mitsingen, mitrasseln und sich passend zur Musik und zum Gesang bewegen. Wir legen viel Wert auf diese Rituale, da es f\u00fcr die Kids wichtig ist, einen gewohnten Ablauf zu haben. Im weiteren Verlauf wird auf Vielf\u00e4ltigkeit geachtet. Am wichtigsten sind jedoch der Spa\u00df und die Freude an der Bewegung. Die Kids haben die M\u00f6glichkeit ihr K\u00f6nnen beim Klettern, H\u00fcpfen, Balancieren und vielem mehr zu beweisen und sie haben die Chance vieles auszuprobieren. Die Grobmotorik ist ein Hauptschwerpunkt bei unseren Sportm\u00e4usen. Die Entwicklung des Gleichgewichts (Balancieren zB. \u00fcber eine Bank), das Gesp\u00fcr f\u00fcr den eigenen K\u00f6rper (K\u00f6rperwahrnehmung) und die Muskelspannung werden gef\u00f6rdert.<\/p>\n<h2>Mitgliedschaft<\/h2>\n<p>Wir laden jeden herzlich ein unsere Sportangebote unverbindlich auszuprobieren.<\/p>\n<p>F\u00fcr Mitglieder erheben wir einen monatlichen Vereinsbeitrag in H\u00f6he von 12,00 Euro, f\u00fcr Geschwisterkinder 8,00 Euro.<\/p>\n<p style=\"color: #d4383a;\">Bitte beachte unsere <a href=\"\/index.php\/infos-fuer-teilnehmer\/\" target=\"_self\" rel=\"noopener noreferrer\">Infos f\u00fcr Teilnehmer<\/a>.<\/p>\n<h2>Termine<\/h2>\n<div class=\"column-half first\"><\/p>\n<table>\n<tbody>\n<tr style=\"background-color: #c4ca72;\">\n<td><\/td>\n<td><b>Termin 1<\/b><\/td>\n<\/tr>\n<tr>\n<td><b>\u00dcbungsleitung<\/b><\/td>\n<td>Matthias Kaiser<br \/>\n<a href=\"\/index.php\/unser-verein\/unser-team\/\" target=\"_self\" rel=\"noopener noreferrer\">&#8230;mehr Infos zum Team<\/a><\/td>\n<\/tr>\n<tr>\n<td><b>Zeit<\/b><\/td>\n<td>Mittwochs 16:45 &#8211; 18:00 Uhr<\/td>\n<\/tr>\n<tr>\n<td><b>Ort<\/b><\/td>\n<td>Sporthalle der Franz-Claudius-Schule<br \/>\nFalkenburger Str. 94<br \/>\n23795 Bad Segeberg<\/td>\n<\/tr>\n<\/tbody>\n<\/table>\n<p><\/div>\n<div class=\"column-half second\"><\/p>\n<table>\n<tbody>\n<tr style=\"background-color: #c4ca72;\">\n<td><\/td>\n<td><b>Termin 2<\/b><\/td>\n<\/tr>\n<tr>\n<td><b>\u00dcbungsleitung<\/b><\/td>\n<td>Stefan Hohl<br \/>\n<a href=\"\/index.php\/unser-verein\/unser-team\/\" target=\"_self\" rel=\"noopener noreferrer\">&#8230;mehr Infos zum Team<\/a><\/td>\n<\/tr>\n<tr>\n<td><b>Zeit<\/b><\/td>\n<td>Freitags 15:30 &#8211; 16:45 Uhr<\/td>\n<\/tr>\n<tr>\n<td><b>Ort<\/b><\/td>\n<td>Sporthalle der Trave-Schule<br \/>\nBurgfeldstra\u00dfe 104<br \/>\n23795 Bad Segeberg<\/td>\n<\/tr>\n<\/tbody>\n<\/table>\n<p><\/div>\n<h2>Orte<\/h2>\n<p>Sporthalle der Franz-Claudius-Schule<br \/>\nFalkenburger Str. 94<br \/>\n23795 Bad Segeberg<\/p>\n<p><iframe loading=\"lazy\" style=\"border: 0;\" src=\"https:\/\/www.google.com\/maps\/embed?pb=!1m18!1m12!1m3!1d2037.5456471234897!2d10.294251315439892!3d53.929463142567485!2m3!1f0!2f0!3f0!3m2!1i1024!2i768!4f13.1!3m3!1m2!1s0x47b23e3fa14f7c35%3A0xdea23a7248290979!2sFalkenburger+Str.+94%2C+23795+Bad+Segeberg!5e1!3m2!1sde!2sde!4v1452429097048\" width=\"1024\" height=\"450\" frameborder=\"0\" allowfullscreen=\"allowfullscreen\"><\/iframe><\/p>\n<p>Sporthalle der Trave-Schule<br \/>\nBurgfeldstra\u00dfe 104<br \/>\n23795 Bad Segeberg<\/p>\n<p><iframe loading=\"lazy\" style=\"border: 0;\" src=\"https:\/\/www.google.com\/maps\/embed?pb=!1m18!1m12!1m3!1d2960.8665583280444!2d10.290917141562606!3d53.92770662370238!2m3!1f0!2f0!3f0!3m2!1i1024!2i768!4f13.1!3m3!1m2!1s0x47b23e6aee92e89b%3A0x49894fafae63c70b!2sTrave-Schule!5e1!3m2!1sde!2sde!4v1507663042391\" width=\"1024\" height=\"450\" frameborder=\"0\" allowfullscreen=\"allowfullscreen\"><\/iframe><\/p>\n","protected":false},"excerpt":{"rendered":"<p>Die Gruppe besteht aus Kindern im Alter von 1-3 Jahren und sind somit die Kleinsten in unserem Verein. Wir beginnen unsere Sportstunde mit unseren Ritualliedern. Die M\u00e4use k\u00f6nnen mitsingen, mitrasseln &#8230; <a class=\"read-more\" href=\"https:\/\/www.menschen-in-bewegung.de\/index.php\/sportangebote\/eltern-kind-turnen\/sportmaeuse\/\"><b>Weiterlesen<\/b><\/a><\/p>\n","protected":false},"author":7,"featured_media":0,"parent":27,"menu_order":2,"comment_status":"closed","ping_status":"closed","template":"","meta":{"footnotes":""},"class_list":["post-140","page","type-page","status-publish"],"yoast_head":"<!-- This site is optimized with the Yoast SEO plugin v26.8 - https:\/\/yoast.com\/product\/yoast-seo-wordpress\/ -->\n<title>Sportm\u00e4use - Menschen in Bewegung e.V.<\/title>\n<meta name=\"robots\" content=\"index, follow, max-snippet:-1, max-image-preview:large, max-video-preview:-1\" \/>\n<link rel=\"canonical\" href=\"https:\/\/www.menschen-in-bewegung.de\/index.php\/sportangebote\/eltern-kind-turnen\/sportmaeuse\/\" \/>\n<meta property=\"og:locale\" content=\"de_DE\" \/>\n<meta property=\"og:type\" content=\"article\" \/>\n<meta property=\"og:title\" content=\"Sportm\u00e4use - Menschen in Bewegung e.V.\" \/>\n<meta property=\"og:description\" content=\"Die Gruppe besteht aus Kindern im Alter von 1-3 Jahren und sind somit die Kleinsten in unserem Verein. Wir beginnen unsere Sportstunde mit unseren Ritualliedern. Die M\u00e4use k\u00f6nnen mitsingen, mitrasseln ... Weiterlesen\" \/>\n<meta property=\"og:url\" content=\"https:\/\/www.menschen-in-bewegung.de\/index.php\/sportangebote\/eltern-kind-turnen\/sportmaeuse\/\" \/>\n<meta property=\"og:site_name\" content=\"Menschen in Bewegung e.V.\" \/>\n<meta property=\"article:modified_time\" content=\"2026-03-09T19:37:46+00:00\" \/>\n<meta name=\"twitter:card\" content=\"summary_large_image\" \/>\n<meta name=\"twitter:label1\" content=\"Gesch\u00e4tzte Lesezeit\" \/>\n\t<meta name=\"twitter:data1\" content=\"2\u00a0Minuten\" \/>\n<script type=\"application\/ld+json\" class=\"yoast-schema-graph\">{\"@context\":\"https:\/\/schema.org\",\"@graph\":[{\"@type\":\"WebPage\",\"@id\":\"https:\/\/www.menschen-in-bewegung.de\/index.php\/sportangebote\/eltern-kind-turnen\/sportmaeuse\/\",\"url\":\"https:\/\/www.menschen-in-bewegung.de\/index.php\/sportangebote\/eltern-kind-turnen\/sportmaeuse\/\",\"name\":\"Sportm\u00e4use - Menschen in Bewegung e.V.\",\"isPartOf\":{\"@id\":\"https:\/\/www.menschen-in-bewegung.de\/#website\"},\"datePublished\":\"2015-09-20T16:22:39+00:00\",\"dateModified\":\"2026-03-09T19:37:46+00:00\",\"breadcrumb\":{\"@id\":\"https:\/\/www.menschen-in-bewegung.de\/index.php\/sportangebote\/eltern-kind-turnen\/sportmaeuse\/#breadcrumb\"},\"inLanguage\":\"de\",\"potentialAction\":[{\"@type\":\"ReadAction\",\"target\":[\"https:\/\/www.menschen-in-bewegung.de\/index.php\/sportangebote\/eltern-kind-turnen\/sportmaeuse\/\"]}]},{\"@type\":\"BreadcrumbList\",\"@id\":\"https:\/\/www.menschen-in-bewegung.de\/index.php\/sportangebote\/eltern-kind-turnen\/sportmaeuse\/#breadcrumb\",\"itemListElement\":[{\"@type\":\"ListItem\",\"position\":1,\"name\":\"Home\",\"item\":\"https:\/\/www.menschen-in-bewegung.de\/\"},{\"@type\":\"ListItem\",\"position\":2,\"name\":\"Sportangebote\",\"item\":\"https:\/\/www.menschen-in-bewegung.de\/index.php\/sportangebote\/\"},{\"@type\":\"ListItem\",\"position\":3,\"name\":\"Eltern-Kind Turnen\",\"item\":\"https:\/\/www.menschen-in-bewegung.de\/index.php\/sportangebote\/eltern-kind-turnen\/\"},{\"@type\":\"ListItem\",\"position\":4,\"name\":\"Sportm\u00e4use\"}]},{\"@type\":\"WebSite\",\"@id\":\"https:\/\/www.menschen-in-bewegung.de\/#website\",\"url\":\"https:\/\/www.menschen-in-bewegung.de\/\",\"name\":\"Menschen in Bewegung e.V.\",\"description\":\"\",\"publisher\":{\"@id\":\"https:\/\/www.menschen-in-bewegung.de\/#organization\"},\"potentialAction\":[{\"@type\":\"SearchAction\",\"target\":{\"@type\":\"EntryPoint\",\"urlTemplate\":\"https:\/\/www.menschen-in-bewegung.de\/?s={search_term_string}\"},\"query-input\":{\"@type\":\"PropertyValueSpecification\",\"valueRequired\":true,\"valueName\":\"search_term_string\"}}],\"inLanguage\":\"de\"},{\"@type\":\"Organization\",\"@id\":\"https:\/\/www.menschen-in-bewegung.de\/#organization\",\"name\":\"Menschen in Bewegung e.V.\",\"url\":\"https:\/\/www.menschen-in-bewegung.de\/\",\"logo\":{\"@type\":\"ImageObject\",\"inLanguage\":\"de\",\"@id\":\"https:\/\/www.menschen-in-bewegung.de\/#\/schema\/logo\/image\/\",\"url\":\"https:\/\/www.menschen-in-bewegung.de\/wp-content\/uploads\/2015\/11\/logo_mebe_v2.png\",\"contentUrl\":\"https:\/\/www.menschen-in-bewegung.de\/wp-content\/uploads\/2015\/11\/logo_mebe_v2.png\",\"width\":500,\"height\":100,\"caption\":\"Menschen in Bewegung e.V.\"},\"image\":{\"@id\":\"https:\/\/www.menschen-in-bewegung.de\/#\/schema\/logo\/image\/\"}}]}<\/script>\n<!-- \/ Yoast SEO plugin. -->","yoast_head_json":{"title":"Sportm\u00e4use - Menschen in Bewegung e.V.","robots":{"index":"index","follow":"follow","max-snippet":"max-snippet:-1","max-image-preview":"max-image-preview:large","max-video-preview":"max-video-preview:-1"},"canonical":"https:\/\/www.menschen-in-bewegung.de\/index.php\/sportangebote\/eltern-kind-turnen\/sportmaeuse\/","og_locale":"de_DE","og_type":"article","og_title":"Sportm\u00e4use - Menschen in Bewegung e.V.","og_description":"Die Gruppe besteht aus Kindern im Alter von 1-3 Jahren und sind somit die Kleinsten in unserem Verein. Wir beginnen unsere Sportstunde mit unseren Ritualliedern. Die M\u00e4use k\u00f6nnen mitsingen, mitrasseln ... Weiterlesen","og_url":"https:\/\/www.menschen-in-bewegung.de\/index.php\/sportangebote\/eltern-kind-turnen\/sportmaeuse\/","og_site_name":"Menschen in Bewegung e.V.","article_modified_time":"2026-03-09T19:37:46+00:00","twitter_card":"summary_large_image","twitter_misc":{"Gesch\u00e4tzte Lesezeit":"2\u00a0Minuten"},"schema":{"@context":"https:\/\/schema.org","@graph":[{"@type":"WebPage","@id":"https:\/\/www.menschen-in-bewegung.de\/index.php\/sportangebote\/eltern-kind-turnen\/sportmaeuse\/","url":"https:\/\/www.menschen-in-bewegung.de\/index.php\/sportangebote\/eltern-kind-turnen\/sportmaeuse\/","name":"Sportm\u00e4use - Menschen in Bewegung e.V.","isPartOf":{"@id":"https:\/\/www.menschen-in-bewegung.de\/#website"},"datePublished":"2015-09-20T16:22:39+00:00","dateModified":"2026-03-09T19:37:46+00:00","breadcrumb":{"@id":"https:\/\/www.menschen-in-bewegung.de\/index.php\/sportangebote\/eltern-kind-turnen\/sportmaeuse\/#breadcrumb"},"inLanguage":"de","potentialAction":[{"@type":"ReadAction","target":["https:\/\/www.menschen-in-bewegung.de\/index.php\/sportangebote\/eltern-kind-turnen\/sportmaeuse\/"]}]},{"@type":"BreadcrumbList","@id":"https:\/\/www.menschen-in-bewegung.de\/index.php\/sportangebote\/eltern-kind-turnen\/sportmaeuse\/#breadcrumb","itemListElement":[{"@type":"ListItem","position":1,"name":"Home","item":"https:\/\/www.menschen-in-bewegung.de\/"},{"@type":"ListItem","position":2,"name":"Sportangebote","item":"https:\/\/www.menschen-in-bewegung.de\/index.php\/sportangebote\/"},{"@type":"ListItem","position":3,"name":"Eltern-Kind Turnen","item":"https:\/\/www.menschen-in-bewegung.de\/index.php\/sportangebote\/eltern-kind-turnen\/"},{"@type":"ListItem","position":4,"name":"Sportm\u00e4use"}]},{"@type":"WebSite","@id":"https:\/\/www.menschen-in-bewegung.de\/#website","url":"https:\/\/www.menschen-in-bewegung.de\/","name":"Menschen in Bewegung e.V.","description":"","publisher":{"@id":"https:\/\/www.menschen-in-bewegung.de\/#organization"},"potentialAction":[{"@type":"SearchAction","target":{"@type":"EntryPoint","urlTemplate":"https:\/\/www.menschen-in-bewegung.de\/?s={search_term_string}"},"query-input":{"@type":"PropertyValueSpecification","valueRequired":true,"valueName":"search_term_string"}}],"inLanguage":"de"},{"@type":"Organization","@id":"https:\/\/www.menschen-in-bewegung.de\/#organization","name":"Menschen in Bewegung e.V.","url":"https:\/\/www.menschen-in-bewegung.de\/","logo":{"@type":"ImageObject","inLanguage":"de","@id":"https:\/\/www.menschen-in-bewegung.de\/#\/schema\/logo\/image\/","url":"https:\/\/www.menschen-in-bewegung.de\/wp-content\/uploads\/2015\/11\/logo_mebe_v2.png","contentUrl":"https:\/\/www.menschen-in-bewegung.de\/wp-content\/uploads\/2015\/11\/logo_mebe_v2.png","width":500,"height":100,"caption":"Menschen in Bewegung e.V."},"image":{"@id":"https:\/\/www.menschen-in-bewegung.de\/#\/schema\/logo\/image\/"}}]}},"_links":{"self":[{"href":"https:\/\/www.menschen-in-bewegung.de\/index.php\/wp-json\/wp\/v2\/pages\/140","targetHints":{"allow":["GET"]}}],"collection":[{"href":"https:\/\/www.menschen-in-bewegung.de\/index.php\/wp-json\/wp\/v2\/pages"}],"about":[{"href":"https:\/\/www.menschen-in-bewegung.de\/index.php\/wp-json\/wp\/v2\/types\/page"}],"author":[{"embeddable":true,"href":"https:\/\/www.menschen-in-bewegung.de\/index.php\/wp-json\/wp\/v2\/users\/7"}],"replies":[{"embeddable":true,"href":"https:\/\/www.menschen-in-bewegung.de\/index.php\/wp-json\/wp\/v2\/comments?post=140"}],"version-history":[{"count":22,"href":"https:\/\/www.menschen-in-bewegung.de\/index.php\/wp-json\/wp\/v2\/pages\/140\/revisions"}],"predecessor-version":[{"id":1321,"href":"https:\/\/www.menschen-in-bewegung.de\/index.php\/wp-json\/wp\/v2\/pages\/140\/revisions\/1321"}],"up":[{"embeddable":true,"href":"https:\/\/www.menschen-in-bewegung.de\/index.php\/wp-json\/wp\/v2\/pages\/27"}],"wp:attachment":[{"href":"https:\/\/www.menschen-in-bewegung.de\/index.php\/wp-json\/wp\/v2\/media?parent=140"}],"curies":[{"name":"wp","href":"https:\/\/api.w.org\/{rel}","templated":true}]}}