{"id":35,"date":"2015-08-12T23:47:48","date_gmt":"2015-08-12T21:47:48","guid":{"rendered":"http:\/\/www.menschen-in-bewegung.de\/?page_id=35"},"modified":"2025-05-11T15:12:43","modified_gmt":"2025-05-11T13:12:43","slug":"partner","status":"publish","type":"page","link":"https:\/\/www.menschen-in-bewegung.de\/index.php\/partner\/","title":{"rendered":"Partner"},"content":{"rendered":"<p>Wir danken herzlichst allen Freunden, F\u00f6rderern und Verb\u00e4nden f\u00fcr die Unterst\u00fctzung!<\/p>\n<div class=\"column-half first\">\n<h2>F\u00f6rderer<\/h2>\n<div class=\"spwrap\">\n<div class=\"spblock\"><img loading=\"lazy\" decoding=\"async\" src=\"\/wp-content\/uploads\/2015\/08\/index.png\" alt=\"Possehl Stiftung\" width=\"224\" height=\"140\" \/><\/p>\n<h3>Possehl Stiftung<\/h3>\n<\/div>\n<p class=\"spblocklink\"><a href=\"http:\/\/www.possehl-stiftung.de\/\" target=\"_blank\" rel=\"noopener\"><i class=\"fa fa-share\"><\/i> Homepage<\/a><\/p>\n<\/div>\n<div class=\"spblock\"><img loading=\"lazy\" decoding=\"async\" src=\"\/wp-content\/uploads\/2015\/08\/vb_luebeck.png\" alt=\"Volksbank L\u00fcbeck\" width=\"359\" height=\"99\" \/><\/p>\n<h3>Volksbank L\u00fcbeck<\/h3>\n<\/div>\n<p class=\"spblocklink\"><a href=\"https:\/\/www.volksbank-luebeck.de\/\" target=\"_blank\" rel=\"noopener\"><i class=\"fa fa-share\"><\/i> Homepage<\/a><\/p>\n<div class=\"spblock\"><img loading=\"lazy\" decoding=\"async\" src=\"\/wp-content\/uploads\/2015\/08\/vb_leezen1-300x94.jpg\" alt=\"VB Leezen\" width=\"300\" height=\"94\" \/><\/p>\n<h3>Raiffeisenbank Leezen<\/h3>\n<\/div>\n<p class=\"spblocklink\"><a href=\"https:\/\/www.rbleezen.de\" target=\"_blank\" rel=\"noopener\"><i class=\"fa fa-share\"><\/i> Homepage<\/a><\/p>\n<div class=\"spblock\"><a href=\"https:\/\/www.menschen-in-bewegung.de\/wp-content\/uploads\/2025\/05\/image0.jpeg\"><img loading=\"lazy\" decoding=\"async\" class=\"alignnone wp-image-1292 size-thumbnail\" src=\"https:\/\/www.menschen-in-bewegung.de\/wp-content\/uploads\/2025\/05\/image0-150x150.jpeg\" alt=\"\" width=\"150\" height=\"150\" \/><\/a><\/p>\n<h3>Sozialelche f\u00fcr die St\u00e4rkung der Teilhabe e.V.<\/h3>\n<\/div>\n<p class=\"spblocklink\"><a href=\"https:\/\/sozialelche.de\/\" target=\"_blank\" rel=\"noopener\"><i class=\"fa fa-share\"><\/i> Homepage<\/a><\/p>\n<p><\/div>\n<div class=\"column-half second\"><\/p>\n<h2 style=\"margin-top: -20px;\">Verb\u00e4nde<\/h2>\n<div class=\"spblock\"><img loading=\"lazy\" decoding=\"async\" src=\"\/wp-content\/uploads\/2015\/08\/Drs_logo.png\" alt=\"Deutscher Rollstuhl-Sportverband\" width=\"300\" height=\"132\" \/><\/p>\n<h3>Deutscher Rollstuhl-Sportverband e.V.<\/h3>\n<\/div>\n<p class=\"spblocklink\"><a href=\"http:\/\/www.drs.org\/\" target=\"_blank\" rel=\"noopener\"><i class=\"fa fa-share\"><\/i> Homepage<\/a><\/p>\n<div class=\"spblock\"><img loading=\"lazy\" decoding=\"async\" src=\"\/wp-content\/uploads\/2015\/08\/rbsv-sh.jpg\" alt=\"Rehabilitations- und Behinderten-Sportverband Schleswig-Holstein e.V.\" width=\"139\" height=\"79\" \/><\/p>\n<h3>Rehabilitations- und Behinderten-Sportverband Schleswig-Holstein e.V.<\/h3>\n<\/div>\n<p class=\"spblocklink\"><a href=\"http:\/\/www.rbsv-sh.de\/\" target=\"_blank\" rel=\"noopener\"><i class=\"fa fa-share\"><\/i> Homepage<\/a><\/p>\n<div class=\"spblock\"><img loading=\"lazy\" decoding=\"async\" src=\"\/wp-content\/uploads\/2015\/08\/SHFV_Logo_Fabian.jpg\" alt=\"Schleswig-Holsteinischer Fu\u00dfballverband e.V.\" width=\"112\" height=\"105\" \/><\/p>\n<h3>Schleswig-Holsteinischer Fu\u00dfballverband e.V.<\/h3>\n<\/div>\n<p class=\"spblocklink\"><a href=\"http:\/\/www.shfv-kiel.de\/\" target=\"_blank\" rel=\"noopener\"><i class=\"fa fa-share\"><\/i> Homepage<\/a><\/p>\n<div class=\"spblock\"><img loading=\"lazy\" decoding=\"async\" src=\"\/wp-content\/uploads\/2015\/08\/shtv.jpg\" alt=\"Schleswig-Holsteinischer Turnverband e.V.\" width=\"140\" height=\"90\" \/><\/p>\n<h3>Schleswig-Holsteinischer Turnverband e.V.<\/h3>\n<\/div>\n<p class=\"spblocklink\"><a href=\"http:\/\/www.shtv.de\/\" target=\"_blank\" rel=\"noopener\"><i class=\"fa fa-share\"><\/i> Homepage<\/a><\/p>\n<div class=\"spblock\"><img loading=\"lazy\" decoding=\"async\" src=\"\/wp-content\/uploads\/2015\/08\/kreissportverband-segeberg.jpg\" alt=\"Kreissportverband Segeberg\" width=\"131\" height=\"150\" \/><\/p>\n<h3>Kreissportverband Segeberg e.V<\/h3>\n<\/div>\n<p class=\"spblocklink\"><a href=\"http:\/\/www.se-sport.de\/\" target=\"_blank\" rel=\"noopener\"><i class=\"fa fa-share\"><\/i> Homepage<\/a><\/p>\n<p><\/div><\/p>\n","protected":false},"excerpt":{"rendered":"<p>Wir danken herzlichst allen Freunden, F\u00f6rderern und Verb\u00e4nden f\u00fcr die Unterst\u00fctzung!<\/p>\n","protected":false},"author":7,"featured_media":0,"parent":0,"menu_order":6,"comment_status":"closed","ping_status":"closed","template":"","meta":{"footnotes":""},"class_list":["post-35","page","type-page","status-publish"],"yoast_head":"<!-- This site is optimized with the Yoast SEO plugin v26.8 - https:\/\/yoast.com\/product\/yoast-seo-wordpress\/ -->\n<title>Partner - Menschen in Bewegung e.V.<\/title>\n<meta name=\"robots\" content=\"index, follow, max-snippet:-1, max-image-preview:large, max-video-preview:-1\" \/>\n<link rel=\"canonical\" href=\"https:\/\/www.menschen-in-bewegung.de\/index.php\/partner\/\" \/>\n<meta property=\"og:locale\" content=\"de_DE\" \/>\n<meta property=\"og:type\" content=\"article\" \/>\n<meta property=\"og:title\" content=\"Partner - Menschen in Bewegung e.V.\" \/>\n<meta property=\"og:description\" content=\"Wir danken herzlichst allen Freunden, F\u00f6rderern und Verb\u00e4nden f\u00fcr die Unterst\u00fctzung!\" \/>\n<meta property=\"og:url\" content=\"https:\/\/www.menschen-in-bewegung.de\/index.php\/partner\/\" \/>\n<meta property=\"og:site_name\" content=\"Menschen in Bewegung e.V.\" \/>\n<meta property=\"article:modified_time\" content=\"2025-05-11T13:12:43+00:00\" \/>\n<meta property=\"og:image\" content=\"https:\/\/www.menschen-in-bewegung.de\/wp-content\/uploads\/2025\/05\/image0-150x150.jpeg\" \/>\n<meta name=\"twitter:card\" content=\"summary_large_image\" \/>\n<meta name=\"twitter:label1\" content=\"Gesch\u00e4tzte Lesezeit\" \/>\n\t<meta name=\"twitter:data1\" content=\"3\u00a0Minuten\" \/>\n<script type=\"application\/ld+json\" class=\"yoast-schema-graph\">{\"@context\":\"https:\/\/schema.org\",\"@graph\":[{\"@type\":\"WebPage\",\"@id\":\"https:\/\/www.menschen-in-bewegung.de\/index.php\/partner\/\",\"url\":\"https:\/\/www.menschen-in-bewegung.de\/index.php\/partner\/\",\"name\":\"Partner - Menschen in Bewegung e.V.\",\"isPartOf\":{\"@id\":\"https:\/\/www.menschen-in-bewegung.de\/#website\"},\"primaryImageOfPage\":{\"@id\":\"https:\/\/www.menschen-in-bewegung.de\/index.php\/partner\/#primaryimage\"},\"image\":{\"@id\":\"https:\/\/www.menschen-in-bewegung.de\/index.php\/partner\/#primaryimage\"},\"thumbnailUrl\":\"https:\/\/www.menschen-in-bewegung.de\/wp-content\/uploads\/2025\/05\/image0-150x150.jpeg\",\"datePublished\":\"2015-08-12T21:47:48+00:00\",\"dateModified\":\"2025-05-11T13:12:43+00:00\",\"breadcrumb\":{\"@id\":\"https:\/\/www.menschen-in-bewegung.de\/index.php\/partner\/#breadcrumb\"},\"inLanguage\":\"de\",\"potentialAction\":[{\"@type\":\"ReadAction\",\"target\":[\"https:\/\/www.menschen-in-bewegung.de\/index.php\/partner\/\"]}]},{\"@type\":\"ImageObject\",\"inLanguage\":\"de\",\"@id\":\"https:\/\/www.menschen-in-bewegung.de\/index.php\/partner\/#primaryimage\",\"url\":\"https:\/\/www.menschen-in-bewegung.de\/wp-content\/uploads\/2025\/05\/image0.jpeg\",\"contentUrl\":\"https:\/\/www.menschen-in-bewegung.de\/wp-content\/uploads\/2025\/05\/image0.jpeg\",\"width\":359,\"height\":368},{\"@type\":\"BreadcrumbList\",\"@id\":\"https:\/\/www.menschen-in-bewegung.de\/index.php\/partner\/#breadcrumb\",\"itemListElement\":[{\"@type\":\"ListItem\",\"position\":1,\"name\":\"Home\",\"item\":\"https:\/\/www.menschen-in-bewegung.de\/\"},{\"@type\":\"ListItem\",\"position\":2,\"name\":\"Partner\"}]},{\"@type\":\"WebSite\",\"@id\":\"https:\/\/www.menschen-in-bewegung.de\/#website\",\"url\":\"https:\/\/www.menschen-in-bewegung.de\/\",\"name\":\"Menschen in Bewegung e.V.\",\"description\":\"\",\"publisher\":{\"@id\":\"https:\/\/www.menschen-in-bewegung.de\/#organization\"},\"potentialAction\":[{\"@type\":\"SearchAction\",\"target\":{\"@type\":\"EntryPoint\",\"urlTemplate\":\"https:\/\/www.menschen-in-bewegung.de\/?s={search_term_string}\"},\"query-input\":{\"@type\":\"PropertyValueSpecification\",\"valueRequired\":true,\"valueName\":\"search_term_string\"}}],\"inLanguage\":\"de\"},{\"@type\":\"Organization\",\"@id\":\"https:\/\/www.menschen-in-bewegung.de\/#organization\",\"name\":\"Menschen in Bewegung e.V.\",\"url\":\"https:\/\/www.menschen-in-bewegung.de\/\",\"logo\":{\"@type\":\"ImageObject\",\"inLanguage\":\"de\",\"@id\":\"https:\/\/www.menschen-in-bewegung.de\/#\/schema\/logo\/image\/\",\"url\":\"https:\/\/www.menschen-in-bewegung.de\/wp-content\/uploads\/2015\/11\/logo_mebe_v2.png\",\"contentUrl\":\"https:\/\/www.menschen-in-bewegung.de\/wp-content\/uploads\/2015\/11\/logo_mebe_v2.png\",\"width\":500,\"height\":100,\"caption\":\"Menschen in Bewegung e.V.\"},\"image\":{\"@id\":\"https:\/\/www.menschen-in-bewegung.de\/#\/schema\/logo\/image\/\"}}]}<\/script>\n<!-- \/ Yoast SEO plugin. -->","yoast_head_json":{"title":"Partner - Menschen in Bewegung e.V.","robots":{"index":"index","follow":"follow","max-snippet":"max-snippet:-1","max-image-preview":"max-image-preview:large","max-video-preview":"max-video-preview:-1"},"canonical":"https:\/\/www.menschen-in-bewegung.de\/index.php\/partner\/","og_locale":"de_DE","og_type":"article","og_title":"Partner - Menschen in Bewegung e.V.","og_description":"Wir danken herzlichst allen Freunden, F\u00f6rderern und Verb\u00e4nden f\u00fcr die Unterst\u00fctzung!","og_url":"https:\/\/www.menschen-in-bewegung.de\/index.php\/partner\/","og_site_name":"Menschen in Bewegung e.V.","article_modified_time":"2025-05-11T13:12:43+00:00","og_image":[{"url":"https:\/\/www.menschen-in-bewegung.de\/wp-content\/uploads\/2025\/05\/image0-150x150.jpeg","type":"","width":"","height":""}],"twitter_card":"summary_large_image","twitter_misc":{"Gesch\u00e4tzte Lesezeit":"3\u00a0Minuten"},"schema":{"@context":"https:\/\/schema.org","@graph":[{"@type":"WebPage","@id":"https:\/\/www.menschen-in-bewegung.de\/index.php\/partner\/","url":"https:\/\/www.menschen-in-bewegung.de\/index.php\/partner\/","name":"Partner - Menschen in Bewegung e.V.","isPartOf":{"@id":"https:\/\/www.menschen-in-bewegung.de\/#website"},"primaryImageOfPage":{"@id":"https:\/\/www.menschen-in-bewegung.de\/index.php\/partner\/#primaryimage"},"image":{"@id":"https:\/\/www.menschen-in-bewegung.de\/index.php\/partner\/#primaryimage"},"thumbnailUrl":"https:\/\/www.menschen-in-bewegung.de\/wp-content\/uploads\/2025\/05\/image0-150x150.jpeg","datePublished":"2015-08-12T21:47:48+00:00","dateModified":"2025-05-11T13:12:43+00:00","breadcrumb":{"@id":"https:\/\/www.menschen-in-bewegung.de\/index.php\/partner\/#breadcrumb"},"inLanguage":"de","potentialAction":[{"@type":"ReadAction","target":["https:\/\/www.menschen-in-bewegung.de\/index.php\/partner\/"]}]},{"@type":"ImageObject","inLanguage":"de","@id":"https:\/\/www.menschen-in-bewegung.de\/index.php\/partner\/#primaryimage","url":"https:\/\/www.menschen-in-bewegung.de\/wp-content\/uploads\/2025\/05\/image0.jpeg","contentUrl":"https:\/\/www.menschen-in-bewegung.de\/wp-content\/uploads\/2025\/05\/image0.jpeg","width":359,"height":368},{"@type":"BreadcrumbList","@id":"https:\/\/www.menschen-in-bewegung.de\/index.php\/partner\/#breadcrumb","itemListElement":[{"@type":"ListItem","position":1,"name":"Home","item":"https:\/\/www.menschen-in-bewegung.de\/"},{"@type":"ListItem","position":2,"name":"Partner"}]},{"@type":"WebSite","@id":"https:\/\/www.menschen-in-bewegung.de\/#website","url":"https:\/\/www.menschen-in-bewegung.de\/","name":"Menschen in Bewegung e.V.","description":"","publisher":{"@id":"https:\/\/www.menschen-in-bewegung.de\/#organization"},"potentialAction":[{"@type":"SearchAction","target":{"@type":"EntryPoint","urlTemplate":"https:\/\/www.menschen-in-bewegung.de\/?s={search_term_string}"},"query-input":{"@type":"PropertyValueSpecification","valueRequired":true,"valueName":"search_term_string"}}],"inLanguage":"de"},{"@type":"Organization","@id":"https:\/\/www.menschen-in-bewegung.de\/#organization","name":"Menschen in Bewegung e.V.","url":"https:\/\/www.menschen-in-bewegung.de\/","logo":{"@type":"ImageObject","inLanguage":"de","@id":"https:\/\/www.menschen-in-bewegung.de\/#\/schema\/logo\/image\/","url":"https:\/\/www.menschen-in-bewegung.de\/wp-content\/uploads\/2015\/11\/logo_mebe_v2.png","contentUrl":"https:\/\/www.menschen-in-bewegung.de\/wp-content\/uploads\/2015\/11\/logo_mebe_v2.png","width":500,"height":100,"caption":"Menschen in Bewegung e.V."},"image":{"@id":"https:\/\/www.menschen-in-bewegung.de\/#\/schema\/logo\/image\/"}}]}},"_links":{"self":[{"href":"https:\/\/www.menschen-in-bewegung.de\/index.php\/wp-json\/wp\/v2\/pages\/35","targetHints":{"allow":["GET"]}}],"collection":[{"href":"https:\/\/www.menschen-in-bewegung.de\/index.php\/wp-json\/wp\/v2\/pages"}],"about":[{"href":"https:\/\/www.menschen-in-bewegung.de\/index.php\/wp-json\/wp\/v2\/types\/page"}],"author":[{"embeddable":true,"href":"https:\/\/www.menschen-in-bewegung.de\/index.php\/wp-json\/wp\/v2\/users\/7"}],"replies":[{"embeddable":true,"href":"https:\/\/www.menschen-in-bewegung.de\/index.php\/wp-json\/wp\/v2\/comments?post=35"}],"version-history":[{"count":72,"href":"https:\/\/www.menschen-in-bewegung.de\/index.php\/wp-json\/wp\/v2\/pages\/35\/revisions"}],"predecessor-version":[{"id":1293,"href":"https:\/\/www.menschen-in-bewegung.de\/index.php\/wp-json\/wp\/v2\/pages\/35\/revisions\/1293"}],"wp:attachment":[{"href":"https:\/\/www.menschen-in-bewegung.de\/index.php\/wp-json\/wp\/v2\/media?parent=35"}],"curies":[{"name":"wp","href":"https:\/\/api.w.org\/{rel}","templated":true}]}}