{"id":37,"date":"2015-08-12T23:47:57","date_gmt":"2015-08-12T21:47:57","guid":{"rendered":"http:\/\/www.menschen-in-bewegung.de\/?page_id=37"},"modified":"2019-08-08T20:45:11","modified_gmt":"2019-08-08T18:45:11","slug":"pressestimmen","status":"publish","type":"page","link":"https:\/\/www.menschen-in-bewegung.de\/index.php\/unser-verein\/pressestimmen\/","title":{"rendered":"Pressestimmen"},"content":{"rendered":"<ul class=\"underline\" style=\"list-style-type: square;\">\n<li>\n<h3>L\u00fcbecker Nachrichten &#8211; 04.04.2019<\/h3>\n<p><a href=\"\/wp-content\/uploads\/2019\/08\/2019-04-04-LN-Abschied-Maud.jpeg\" target=\"_blank\" rel=\"noopener noreferrer\">Initiatorin bleibt als Ratgeberin (.jpg, 749 KB)<\/a><\/li>\n<li>\n<h3>Basses Blatt &#8211; 27.03.2019<\/h3>\n<p><a href=\"\/wp-content\/uploads\/2019\/08\/2019-03-27-Basses-Blatt-Spende.jpeg\" target=\"_blank\" rel=\"noopener noreferrer\">Raiffeisenbank lud zum Spendentag: 29.500 Euro f\u00fcr 66 Vereine (.jpg, 693 KB)<\/a><\/li>\n<li>\n<h3>Segeberger Zeitung &#8211; 06.10.2017<\/h3>\n<p><a href=\"\/wp-content\/uploads\/2017\/10\/2017-10-06_SZ_MeBe-Familien-Sportfest.pdf\" target=\"_blank\" rel=\"noopener noreferrer\">Neues Turnabzeichen: Idee aus Segeberg (.pdf, 980 KB)<\/a><\/li>\n<li>\n<h3>SHZ &#8211; Januar 2016<\/h3>\n<p><a href=\"\/wp-content\/uploads\/2016\/12\/Mixed_Kids.png\" target=\"_blank\" rel=\"noopener noreferrer\">Bei uns steht der Spa\u00df im Vordergrund (.png, 881 KB)<\/a><\/li>\n<li>\n<h3>Segeberger Zeitung 09.09.2015<\/h3>\n<p><a href=\"\/wp-content\/uploads\/2016\/11\/2015_11_09.pdf\" target=\"_blank\" rel=\"noopener noreferrer\">2.000 Euro f\u00fcr Menschen in Bewegung (.pdf, 244 KB)<\/a><\/li>\n<li>\n<h3>L\u00fcbecker Nachrichten 11.2015<\/h3>\n<p><a href=\"\/wp-content\/uploads\/2015\/08\/Luebecker-Nachrichten-2015-11.jpg\" target=\"_blank\" rel=\"noopener noreferrer\">Roll &amp; Rock Cracks trainieren nach Trikot-Tausch f\u00fcr dritten Coup-Cup (.jpg, 889 KB)<\/a><\/li>\n<li>\n<h3>L\u00fcbecker Nachrichten 04.11.2014<\/h3>\n<p><a href=\"\/wp-content\/uploads\/2015\/08\/LN-04-11-2014.pdf\" target=\"_blank\" rel=\"noopener noreferrer\">Mit dem Rollstuhl etwas ins Rollen bringen (.pdf, 1.079 KB)<\/a><\/li>\n<li>\n<h3>Fussballmagazin Schleswig-Holsteinischer Fu\u00dfballverband 27.10.2014<\/h3>\n<p><a href=\"\/wp-content\/uploads\/2015\/08\/shfv-magazin-27-10-2014.pdf\" target=\"_blank\" rel=\"noopener noreferrer\">1. Wheel-Soccer Spieltag &#8211; jeder darf mitmachen (.pdf, 5.352 KB)<\/a><\/li>\n<li>\n<h3>Wochenspiegel 43. Woche 2014<\/h3>\n<p><a href=\"\/wp-content\/uploads\/2015\/08\/MeBe-Wochenspiegel-43-KW-2014.pdf\" target=\"_blank\" rel=\"noopener noreferrer\">Wir leben Inklusion (.pdf, 1.556 KB)<\/a><\/li>\n<li>\n<h3>Segeberger Zeitung 01\/14<\/h3>\n<p><a href=\"\/wp-content\/uploads\/2015\/08\/familiensportfest-01-2014.pdf\" target=\"_blank\" rel=\"noopener noreferrer\">Spa\u00df am Sport auch f\u00fcr Menschen mit Handicap (.pdf, 643 KB)<\/a><\/li>\n<li>\n<h3>L\u00fcbecker Nachrichten 10\/13<\/h3>\n<p><a href=\"\/wp-content\/uploads\/2015\/08\/ln-mix-kids-10-2013.pdf\" target=\"_blank\" rel=\"noopener noreferrer\">Trotz Beeintr\u00e4chtigung voller Spa\u00df auf dem Trampolin (.pdf, 367 KB)<\/a><\/li>\n<li>\n<h3>L\u00fcbecker Nachrichten 09\/12<\/h3>\n<p><a href=\"\/wp-content\/uploads\/2015\/08\/ln_9_2012.pdf\" target=\"_blank\" rel=\"noopener noreferrer\">Fechten, Schwimmen und Spa\u00df haben f\u00fcr Rollstuhlfahrer (.pdf, 1.338 KB)<\/a><\/li>\n<li>\n<h3>Basses Blatt 07.12.2011<\/h3>\n<p><a href=\"\/wp-content\/uploads\/2015\/08\/sterne_des_sport_bassesblatt_07_12_2011.pdf\" target=\"_blank\" rel=\"noopener noreferrer\">MeBe schafft Platz drei beim &#8222;Stern des Sports&#8220; (.pdf, 322 KB)<\/a><\/li>\n<li>\n<h3>Segeberger Zeitung 05.11.2011<\/h3>\n<p><a href=\"\/wp-content\/uploads\/2015\/08\/sterne_des_sports_2011.pdf\" target=\"_blank\" rel=\"noopener noreferrer\">Mit Stern des Sports geehrt (.pdf, 694 KB)<\/a><\/li>\n<li>\n<h3>Kieler Nachrichten 17.\/18. April 2010<\/h3>\n<p><a href=\"\/wp-content\/uploads\/2015\/08\/kn_17_04_2010.pdf\" target=\"_blank\" rel=\"noopener noreferrer\">ADHS: Methylphenidat (Ritalin) ist nicht die Patentl\u00f6sung (.pdf, 373 KB)<\/a><\/li>\n<li>\n<h3>Report 01\/2010 Das Gesundheitsmagazin der DR\u00c4GER &amp; HANSE BKK<\/h3>\n<p><a href=\"\/wp-content\/uploads\/2015\/08\/addlercamp_draeger_report_2010.pdf\" target=\"_blank\" rel=\"noopener noreferrer\">&#8222;Hier bin ich richtig!&#8220; Ein Sommer im ADDler-Camp (.pdf, 737 KB)<\/a><\/li>\n<li>\n<h3>Stadtmagazin Bad Segeberg 03\/2010<\/h3>\n<p><a href=\"\/wp-content\/uploads\/2015\/08\/stadtmagazin_03_2010.pdf\" target=\"_blank\" rel=\"noopener noreferrer\">Das Kinderturnen geht weiter! (.pdf, 339 KB)<\/a><\/li>\n<li>\n<h3>Basses Blatt 24.02.2010<\/h3>\n<p><a href=\"\/wp-content\/uploads\/2015\/08\/basses_blatt_24_02_2010.pdf\" target=\"_blank\" rel=\"noopener noreferrer\">Segeberger Kliniken erm\u00f6glichen Sport-AG an der Heinrich-Rantzau-Schule (.pdf, 170 KB)<\/a><\/li>\n<li>\n<h3>nordexpress 10.02.2010<\/h3>\n<p><a href=\"\/wp-content\/uploads\/2015\/08\/nordexpress_10_02_10.pdf\" target=\"_blank\" rel=\"noopener noreferrer\">Kliniken f\u00f6rdern Sport (.pdf, 68 KB)<\/a><\/li>\n<li>\n<h3>L\u00fcbecker Nachrichten 04.02.2010<\/h3>\n<p><a href=\"\/wp-content\/uploads\/2015\/08\/ln_04_02_10.pdf\" target=\"_blank\" rel=\"noopener noreferrer\">Soviel Spa\u00df haben wir beim Sport (.pdf, 174 KB)<\/a><\/li>\n<li>\n<h3>L\u00fcbecker Nachrichten 01.10.2009<\/h3>\n<p><a href=\"\/wp-content\/uploads\/2015\/08\/jugendleiter_des_jahres_2009.pdf\" target=\"_blank\" rel=\"noopener noreferrer\">Sportler k\u00fcrten Jugendleiter des Jahres (.pdf, 169 KB)<\/a><\/li>\n<li>\n<h3>L\u00fcbecker Nachrichten 05.08.2009<\/h3>\n<p><a href=\"\/wp-content\/uploads\/2015\/08\/ln_05_08_09.pdf\" target=\"_blank\" rel=\"noopener noreferrer\">Spiel und Spa\u00df im Landratspark (.pdf, 127 KB)<\/a><\/li>\n<li>\n<h3>Das Gesundheitsmagazin der Dr\u00e4ger &amp; Hanse BKK 01\/2009<\/h3>\n<p><a href=\"\/wp-content\/uploads\/2015\/08\/draeger_report_01_2009.pdf\" target=\"_blank\" rel=\"noopener noreferrer\">Gold f\u00fcr\u00b4s ADDlerCamp Ausgezeichnetes Engagement f\u00fcr ADHS-Kinder (.pdf, 1.117 KB)<\/a><\/li>\n<li>\n<h3>L\u00fcbecker Nachrichten 09.03.2009<\/h3>\n<p><a href=\"\/wp-content\/uploads\/2015\/08\/ln_09_03_09.pdf\" target=\"_blank\" rel=\"noopener noreferrer\">Springen, klettern, balancieren: Kinder in Bewegung (.pdf, 174 KB)<\/a><\/li>\n<li>\n<h3>Nordexpress 04.02.2009<\/h3>\n<p><a href=\"\/wp-content\/uploads\/2015\/08\/nordexpress_04_02_2009.pdf\" target=\"_blank\" rel=\"noopener noreferrer\">Drei-Sterne-Sportverein (.pdf, 271 KB)<\/a><\/li>\n<li>\n<h3>Segeberger Zeitung 28.01.2009<\/h3>\n<p><a href=\"\/wp-content\/uploads\/2015\/08\/sz_28_01_2009.pdf\" target=\"_blank\" rel=\"noopener noreferrer\">Tolles Konzept wurde vergoldet (.pdf, 222 KB)<\/a><\/li>\n<li>\n<h3>Pressemitteilung &#8222;Sterne des Sports&#8220;<\/h3>\n<p><a href=\"\/wp-content\/uploads\/2015\/08\/pressemappe_portraits_bundesfinale_2008.pdf\" target=\"_blank\" rel=\"noopener noreferrer\">Preisverleihung \u201eSterne des Sports\u201c in Gold 2008 am 26. Januar 2009 in Berlin (.pdf, 237 KB)<\/a><\/li>\n<li>\n<h3>Hamburger Abendblatt\/Norderstedter Zeitung 24.01.2009<\/h3>\n<p><a href=\"\/wp-content\/uploads\/2015\/08\/ha_nz_24_01_2009.pdf\" target=\"_blank\" rel=\"noopener noreferrer\">Menschen in Bewegung Horst K\u00f6hler ehrt Segeberger Verein Lob vom Bundepr\u00e4sidenten (.pdf, 365 KB)<\/a><\/li>\n<li>\n<h3>L\u00fcbecker Nachrichten 23.01.2009<\/h3>\n<p><a href=\"\/wp-content\/uploads\/2015\/08\/ln_23_01_09.pdf\" target=\"_blank\" rel=\"noopener noreferrer\">Bundespr\u00e4sident ehrt &#8222;Menschen in Bewegung&#8220; (.pdf, 448 KB)<\/a><\/li>\n<li>\n<h3>Basses Blatt 20.12.2008<\/h3>\n<p><a href=\"\/wp-content\/uploads\/2015\/08\/basses_20_12_2008.pdf\" target=\"_blank\" rel=\"noopener noreferrer\">&#8222;Gro\u00dfer Stern des Sports&#8220; in Silber an Menschen in Bewegung Bad Segeberg (.pdf, 276 KB)<\/a><\/li>\n<li>\n<h3>L\u00fcbecker Nachrichten 20.12.2008<\/h3>\n<p><a href=\"\/wp-content\/uploads\/2015\/08\/ln_20_12_2008.pdf\" target=\"_blank\" rel=\"noopener noreferrer\">Raiba zeichnet Verein &#8222;Menschen in Bewegung&#8220; aus (.pdf, 378 KB)<\/a><\/li>\n<li>\n<h3>Segeberger Zeitung 20.12.2008<\/h3>\n<p><a href=\"\/wp-content\/uploads\/2015\/08\/sz_20_12_08.pdf\" target=\"_blank\" rel=\"noopener noreferrer\">2500 Euro f\u00fcr tolles Projekt Segeberger Verein Menschen in Bewegung in Kiel als Landessieger ausgezeichnet (.pdf, 361 KB)<\/a><\/li>\n<li>\n<h3>Segeberger Zeitung 06.12.2008<\/h3>\n<p><a href=\"\/wp-content\/uploads\/2015\/08\/sz_06_12_2008.pdf\" target=\"_blank\" rel=\"noopener noreferrer\">500 \u20ac f\u00fcr Menschen in Bewegung (.pdf, 289 KB)<\/a><\/li>\n<li>\n<h3>LandesSPORTBund &#8211; Das Magazin f\u00fcr Vereine, Sportb\u00fcnde und Landesfachverb\u00e4nde in Niedersachsen Ausgabe 5\/2008<\/h3>\n<p><a href=\"\/wp-content\/uploads\/2015\/08\/lsb_5_2008.pdf\" target=\"_blank\" rel=\"noopener noreferrer\">ADS &#8211; &#8222;Anders denkende Spr\u00f6sslinge&#8220; (.pdf, 329 KB)<\/a><\/li>\n<li>\n<h3>Berichte vom Sommerspektakel 2006<\/h3>\n<h3><a href=\"\/wp-content\/uploads\/2016\/01\/sz_27_07_2006.pdf\" target=\"_blank\" rel=\"noopener noreferrer\">Segeberger Zeitung (.pdf, 131 KB)<\/a><br \/>\n<a href=\"\/wp-content\/uploads\/2016\/01\/nordexpress_02_08_2006.pdf\" target=\"_blank\" rel=\"noopener noreferrer\">Nordexpress (.pdf, 219 KB)<\/a><\/h3>\n<\/li>\n<\/ul>\n","protected":false},"excerpt":{"rendered":"<p>L\u00fcbecker Nachrichten &#8211; 04.04.2019 Initiatorin bleibt als Ratgeberin (.jpg, 749 KB) Basses Blatt &#8211; 27.03.2019 Raiffeisenbank lud zum Spendentag: 29.500 Euro f\u00fcr 66 Vereine (.jpg, 693 KB) Segeberger Zeitung &#8211; &#8230; <a class=\"read-more\" href=\"https:\/\/www.menschen-in-bewegung.de\/index.php\/unser-verein\/pressestimmen\/\"><b>Weiterlesen<\/b><\/a><\/p>\n","protected":false},"author":7,"featured_media":0,"parent":20,"menu_order":5,"comment_status":"closed","ping_status":"closed","template":"","meta":{"footnotes":""},"class_list":["post-37","page","type-page","status-publish"],"yoast_head":"<!-- This site is optimized with the Yoast SEO plugin v26.8 - https:\/\/yoast.com\/product\/yoast-seo-wordpress\/ -->\n<title>Pressestimmen - Menschen in Bewegung e.V.<\/title>\n<meta name=\"robots\" content=\"index, follow, max-snippet:-1, max-image-preview:large, max-video-preview:-1\" \/>\n<link rel=\"canonical\" href=\"https:\/\/www.menschen-in-bewegung.de\/index.php\/unser-verein\/pressestimmen\/\" \/>\n<meta property=\"og:locale\" content=\"de_DE\" \/>\n<meta property=\"og:type\" content=\"article\" \/>\n<meta property=\"og:title\" content=\"Pressestimmen - Menschen in Bewegung e.V.\" \/>\n<meta property=\"og:description\" content=\"L\u00fcbecker Nachrichten &#8211; 04.04.2019 Initiatorin bleibt als Ratgeberin (.jpg, 749 KB) Basses Blatt &#8211; 27.03.2019 Raiffeisenbank lud zum Spendentag: 29.500 Euro f\u00fcr 66 Vereine (.jpg, 693 KB) Segeberger Zeitung &#8211; ... Weiterlesen\" \/>\n<meta property=\"og:url\" content=\"https:\/\/www.menschen-in-bewegung.de\/index.php\/unser-verein\/pressestimmen\/\" \/>\n<meta property=\"og:site_name\" content=\"Menschen in Bewegung e.V.\" \/>\n<meta property=\"article:modified_time\" content=\"2019-08-08T18:45:11+00:00\" \/>\n<meta name=\"twitter:card\" content=\"summary_large_image\" \/>\n<meta name=\"twitter:label1\" content=\"Gesch\u00e4tzte Lesezeit\" \/>\n\t<meta name=\"twitter:data1\" content=\"2\u00a0Minuten\" \/>\n<script type=\"application\/ld+json\" class=\"yoast-schema-graph\">{\"@context\":\"https:\/\/schema.org\",\"@graph\":[{\"@type\":\"WebPage\",\"@id\":\"https:\/\/www.menschen-in-bewegung.de\/index.php\/unser-verein\/pressestimmen\/\",\"url\":\"https:\/\/www.menschen-in-bewegung.de\/index.php\/unser-verein\/pressestimmen\/\",\"name\":\"Pressestimmen - Menschen in Bewegung e.V.\",\"isPartOf\":{\"@id\":\"https:\/\/www.menschen-in-bewegung.de\/#website\"},\"datePublished\":\"2015-08-12T21:47:57+00:00\",\"dateModified\":\"2019-08-08T18:45:11+00:00\",\"breadcrumb\":{\"@id\":\"https:\/\/www.menschen-in-bewegung.de\/index.php\/unser-verein\/pressestimmen\/#breadcrumb\"},\"inLanguage\":\"de\",\"potentialAction\":[{\"@type\":\"ReadAction\",\"target\":[\"https:\/\/www.menschen-in-bewegung.de\/index.php\/unser-verein\/pressestimmen\/\"]}]},{\"@type\":\"BreadcrumbList\",\"@id\":\"https:\/\/www.menschen-in-bewegung.de\/index.php\/unser-verein\/pressestimmen\/#breadcrumb\",\"itemListElement\":[{\"@type\":\"ListItem\",\"position\":1,\"name\":\"Home\",\"item\":\"https:\/\/www.menschen-in-bewegung.de\/\"},{\"@type\":\"ListItem\",\"position\":2,\"name\":\"Unser Verein\",\"item\":\"https:\/\/www.menschen-in-bewegung.de\/index.php\/unser-verein\/\"},{\"@type\":\"ListItem\",\"position\":3,\"name\":\"Pressestimmen\"}]},{\"@type\":\"WebSite\",\"@id\":\"https:\/\/www.menschen-in-bewegung.de\/#website\",\"url\":\"https:\/\/www.menschen-in-bewegung.de\/\",\"name\":\"Menschen in Bewegung e.V.\",\"description\":\"\",\"publisher\":{\"@id\":\"https:\/\/www.menschen-in-bewegung.de\/#organization\"},\"potentialAction\":[{\"@type\":\"SearchAction\",\"target\":{\"@type\":\"EntryPoint\",\"urlTemplate\":\"https:\/\/www.menschen-in-bewegung.de\/?s={search_term_string}\"},\"query-input\":{\"@type\":\"PropertyValueSpecification\",\"valueRequired\":true,\"valueName\":\"search_term_string\"}}],\"inLanguage\":\"de\"},{\"@type\":\"Organization\",\"@id\":\"https:\/\/www.menschen-in-bewegung.de\/#organization\",\"name\":\"Menschen in Bewegung e.V.\",\"url\":\"https:\/\/www.menschen-in-bewegung.de\/\",\"logo\":{\"@type\":\"ImageObject\",\"inLanguage\":\"de\",\"@id\":\"https:\/\/www.menschen-in-bewegung.de\/#\/schema\/logo\/image\/\",\"url\":\"https:\/\/www.menschen-in-bewegung.de\/wp-content\/uploads\/2015\/11\/logo_mebe_v2.png\",\"contentUrl\":\"https:\/\/www.menschen-in-bewegung.de\/wp-content\/uploads\/2015\/11\/logo_mebe_v2.png\",\"width\":500,\"height\":100,\"caption\":\"Menschen in Bewegung e.V.\"},\"image\":{\"@id\":\"https:\/\/www.menschen-in-bewegung.de\/#\/schema\/logo\/image\/\"}}]}<\/script>\n<!-- \/ Yoast SEO plugin. -->","yoast_head_json":{"title":"Pressestimmen - Menschen in Bewegung e.V.","robots":{"index":"index","follow":"follow","max-snippet":"max-snippet:-1","max-image-preview":"max-image-preview:large","max-video-preview":"max-video-preview:-1"},"canonical":"https:\/\/www.menschen-in-bewegung.de\/index.php\/unser-verein\/pressestimmen\/","og_locale":"de_DE","og_type":"article","og_title":"Pressestimmen - Menschen in Bewegung e.V.","og_description":"L\u00fcbecker Nachrichten &#8211; 04.04.2019 Initiatorin bleibt als Ratgeberin (.jpg, 749 KB) Basses Blatt &#8211; 27.03.2019 Raiffeisenbank lud zum Spendentag: 29.500 Euro f\u00fcr 66 Vereine (.jpg, 693 KB) Segeberger Zeitung &#8211; ... Weiterlesen","og_url":"https:\/\/www.menschen-in-bewegung.de\/index.php\/unser-verein\/pressestimmen\/","og_site_name":"Menschen in Bewegung e.V.","article_modified_time":"2019-08-08T18:45:11+00:00","twitter_card":"summary_large_image","twitter_misc":{"Gesch\u00e4tzte Lesezeit":"2\u00a0Minuten"},"schema":{"@context":"https:\/\/schema.org","@graph":[{"@type":"WebPage","@id":"https:\/\/www.menschen-in-bewegung.de\/index.php\/unser-verein\/pressestimmen\/","url":"https:\/\/www.menschen-in-bewegung.de\/index.php\/unser-verein\/pressestimmen\/","name":"Pressestimmen - Menschen in Bewegung e.V.","isPartOf":{"@id":"https:\/\/www.menschen-in-bewegung.de\/#website"},"datePublished":"2015-08-12T21:47:57+00:00","dateModified":"2019-08-08T18:45:11+00:00","breadcrumb":{"@id":"https:\/\/www.menschen-in-bewegung.de\/index.php\/unser-verein\/pressestimmen\/#breadcrumb"},"inLanguage":"de","potentialAction":[{"@type":"ReadAction","target":["https:\/\/www.menschen-in-bewegung.de\/index.php\/unser-verein\/pressestimmen\/"]}]},{"@type":"BreadcrumbList","@id":"https:\/\/www.menschen-in-bewegung.de\/index.php\/unser-verein\/pressestimmen\/#breadcrumb","itemListElement":[{"@type":"ListItem","position":1,"name":"Home","item":"https:\/\/www.menschen-in-bewegung.de\/"},{"@type":"ListItem","position":2,"name":"Unser Verein","item":"https:\/\/www.menschen-in-bewegung.de\/index.php\/unser-verein\/"},{"@type":"ListItem","position":3,"name":"Pressestimmen"}]},{"@type":"WebSite","@id":"https:\/\/www.menschen-in-bewegung.de\/#website","url":"https:\/\/www.menschen-in-bewegung.de\/","name":"Menschen in Bewegung e.V.","description":"","publisher":{"@id":"https:\/\/www.menschen-in-bewegung.de\/#organization"},"potentialAction":[{"@type":"SearchAction","target":{"@type":"EntryPoint","urlTemplate":"https:\/\/www.menschen-in-bewegung.de\/?s={search_term_string}"},"query-input":{"@type":"PropertyValueSpecification","valueRequired":true,"valueName":"search_term_string"}}],"inLanguage":"de"},{"@type":"Organization","@id":"https:\/\/www.menschen-in-bewegung.de\/#organization","name":"Menschen in Bewegung e.V.","url":"https:\/\/www.menschen-in-bewegung.de\/","logo":{"@type":"ImageObject","inLanguage":"de","@id":"https:\/\/www.menschen-in-bewegung.de\/#\/schema\/logo\/image\/","url":"https:\/\/www.menschen-in-bewegung.de\/wp-content\/uploads\/2015\/11\/logo_mebe_v2.png","contentUrl":"https:\/\/www.menschen-in-bewegung.de\/wp-content\/uploads\/2015\/11\/logo_mebe_v2.png","width":500,"height":100,"caption":"Menschen in Bewegung e.V."},"image":{"@id":"https:\/\/www.menschen-in-bewegung.de\/#\/schema\/logo\/image\/"}}]}},"_links":{"self":[{"href":"https:\/\/www.menschen-in-bewegung.de\/index.php\/wp-json\/wp\/v2\/pages\/37","targetHints":{"allow":["GET"]}}],"collection":[{"href":"https:\/\/www.menschen-in-bewegung.de\/index.php\/wp-json\/wp\/v2\/pages"}],"about":[{"href":"https:\/\/www.menschen-in-bewegung.de\/index.php\/wp-json\/wp\/v2\/types\/page"}],"author":[{"embeddable":true,"href":"https:\/\/www.menschen-in-bewegung.de\/index.php\/wp-json\/wp\/v2\/users\/7"}],"replies":[{"embeddable":true,"href":"https:\/\/www.menschen-in-bewegung.de\/index.php\/wp-json\/wp\/v2\/comments?post=37"}],"version-history":[{"count":39,"href":"https:\/\/www.menschen-in-bewegung.de\/index.php\/wp-json\/wp\/v2\/pages\/37\/revisions"}],"predecessor-version":[{"id":1023,"href":"https:\/\/www.menschen-in-bewegung.de\/index.php\/wp-json\/wp\/v2\/pages\/37\/revisions\/1023"}],"up":[{"embeddable":true,"href":"https:\/\/www.menschen-in-bewegung.de\/index.php\/wp-json\/wp\/v2\/pages\/20"}],"wp:attachment":[{"href":"https:\/\/www.menschen-in-bewegung.de\/index.php\/wp-json\/wp\/v2\/media?parent=37"}],"curies":[{"name":"wp","href":"https:\/\/api.w.org\/{rel}","templated":true}]}}