{"id":388,"date":"2016-01-10T22:11:44","date_gmt":"2016-01-10T21:11:44","guid":{"rendered":"http:\/\/www.menschen-in-bewegung.de\/?page_id=388"},"modified":"2016-01-13T00:19:54","modified_gmt":"2016-01-12T23:19:54","slug":"ehrenkodex","status":"publish","type":"page","link":"https:\/\/www.menschen-in-bewegung.de\/index.php\/ehrenkodex\/","title":{"rendered":"Ehrenkodex"},"content":{"rendered":"<p>Die Trainer von Menschen in Bewegung e.V. unterwerfen sich freiwillig dem Ehrenkodex des <a href=\"https:\/\/www.lsv-sh.de\/\">Landessportverbandes Schleswig Holstein<\/a> sowie <a href=\"http:\/\/sjsh.lsv-sh.de\/\">Sportjugend Schleswig-Holstein<\/a> f\u00fcr alle ehrenamtlich und hauptberuflich T\u00e4tigen in Sportvereinen und -verb\u00e4nden zum besonderen Schutz von Kindern, Jugendlichen und jungen Erwachsenen im Sport in Schleswig-Holstein.<\/p>\n<h3>Textauszug<\/h3>\n<p>Hiermit verspreche ich:<\/p>\n<ul>\n<li>Ich werde die Pers\u00f6nlichkeit jedes Kindes, Jugendlichen und jungen Erwachsenen achten und dessen Entwicklung unterst\u00fctzen. Die individuellen Empfindungen zu N\u00e4he und Distanz, die Intimsph\u00e4re und die pers\u00f6nlichen Schamgrenzen werde ich respektieren.<\/li>\n<li>Ich werde sportliche und au\u00dfersportliche Angebote stets an dem Entwicklungsstand der mir anvertrauten Kinder, Jugendlichen und jungen Erwachsenen ausrichten und kinder- und jugendgerechte Methoden einsetzen.<\/li>\n<li>Ich werde das Recht des mir anvertrauten Kindes, Jugendlichen und jungen Erwachsenen auf k\u00f6rperliche Unversehrtheit achten und keine Form der Gewalt, sei sie physischer, psychischer oder sexueller Art, aus\u00fcben.<\/li>\n<li>Ich werde daf\u00fcr Sorge tragen, dass die Regeln der jeweiligen Sportart eingehalten werden. Insbesondere \u00fcbernehme ich eine positive und aktive Vorbildfunktion im Kampf gegen Doping und Medikamentenmissbrauch sowie gegen jegliche Art von Leistungsmanipulation.<\/li>\n<li>Ich biete den mir anvertrauten Kindern, Jugendlichen und jungen Erwachsenen f\u00fcr alle sportlichen und au\u00dfersportlichen Angebote ausreichende Selbst- und Mitbestimmungsm\u00f6glichkeiten.<\/li>\n<li>Ich respektiere die W\u00fcrde jedes Kindes, Jugendlichen und jungen Erwachsenen und verspreche, alle jungen Menschen, unabh\u00e4ngig ihrer sozialen, ethnischen und kulturellen Herkunft, Weltanschauung, Religion, politischen \u00dcberzeugung, sexueller Orientierung, ihres Alters oder Geschlechts gleich und fair zu behandeln sowie Diskriminierung jeglicher Art sowie antidemokratischem Gedankengut entschieden entgegenzuwirken.<\/li>\n<li>Ich m\u00f6chte Vorbild f\u00fcr die mir anvertrauten Kinder, Jugendlichen und jungen Erwachsenen sein, stets die Einhaltung von sportlichen und zwischenmenschlichen Regeln vermitteln und nach den Gesetzen des Fair Play handeln.<\/li>\n<li>Ich verpflichte mich einzugreifen, wenn in meinem Umfeld gegen diesen Ehrenkodex versto\u00dfen wird. Ich ziehe im \u201eKonfliktfall\u201c professionelle fachliche Unterst\u00fctzung und Hilfe hinzu und informiere die Verantwortlichen auf der Leitungsebene. Der Schutz der Kinder, Jugendlichen und jungen Erwachsenen steht dabei an erster Stelle.<\/li>\n<\/ul>\n<p>Quelle: Landessportverband Schleswig-Holstein, <a href=\"https:\/\/www.lsv-sh.de\/index.php?id=56#c2096\" target=\"_blank\">Link<\/a><\/p>\n","protected":false},"excerpt":{"rendered":"<p>Die Trainer von Menschen in Bewegung e.V. unterwerfen sich freiwillig dem Ehrenkodex des Landessportverbandes Schleswig Holstein sowie Sportjugend Schleswig-Holstein f\u00fcr alle ehrenamtlich und hauptberuflich T\u00e4tigen in Sportvereinen und -verb\u00e4nden zum &#8230; <a class=\"read-more\" href=\"https:\/\/www.menschen-in-bewegung.de\/index.php\/ehrenkodex\/\"><b>Weiterlesen<\/b><\/a><\/p>\n","protected":false},"author":7,"featured_media":0,"parent":0,"menu_order":0,"comment_status":"closed","ping_status":"closed","template":"","meta":{"footnotes":""},"class_list":["post-388","page","type-page","status-publish"],"yoast_head":"<!-- This site is optimized with the Yoast SEO plugin v26.8 - https:\/\/yoast.com\/product\/yoast-seo-wordpress\/ -->\n<title>Ehrenkodex - Menschen in Bewegung e.V.<\/title>\n<meta name=\"robots\" content=\"index, follow, max-snippet:-1, max-image-preview:large, max-video-preview:-1\" \/>\n<link rel=\"canonical\" href=\"https:\/\/www.menschen-in-bewegung.de\/index.php\/ehrenkodex\/\" \/>\n<meta property=\"og:locale\" content=\"de_DE\" \/>\n<meta property=\"og:type\" content=\"article\" \/>\n<meta property=\"og:title\" content=\"Ehrenkodex - Menschen in Bewegung e.V.\" \/>\n<meta property=\"og:description\" content=\"Die Trainer von Menschen in Bewegung e.V. unterwerfen sich freiwillig dem Ehrenkodex des Landessportverbandes Schleswig Holstein sowie Sportjugend Schleswig-Holstein f\u00fcr alle ehrenamtlich und hauptberuflich T\u00e4tigen in Sportvereinen und -verb\u00e4nden zum ... Weiterlesen\" \/>\n<meta property=\"og:url\" content=\"https:\/\/www.menschen-in-bewegung.de\/index.php\/ehrenkodex\/\" \/>\n<meta property=\"og:site_name\" content=\"Menschen in Bewegung e.V.\" \/>\n<meta property=\"article:modified_time\" content=\"2016-01-12T23:19:54+00:00\" \/>\n<meta name=\"twitter:card\" content=\"summary_large_image\" \/>\n<meta name=\"twitter:label1\" content=\"Gesch\u00e4tzte Lesezeit\" \/>\n\t<meta name=\"twitter:data1\" content=\"2\u00a0Minuten\" \/>\n<script type=\"application\/ld+json\" class=\"yoast-schema-graph\">{\"@context\":\"https:\/\/schema.org\",\"@graph\":[{\"@type\":\"WebPage\",\"@id\":\"https:\/\/www.menschen-in-bewegung.de\/index.php\/ehrenkodex\/\",\"url\":\"https:\/\/www.menschen-in-bewegung.de\/index.php\/ehrenkodex\/\",\"name\":\"Ehrenkodex - Menschen in Bewegung e.V.\",\"isPartOf\":{\"@id\":\"https:\/\/www.menschen-in-bewegung.de\/#website\"},\"datePublished\":\"2016-01-10T21:11:44+00:00\",\"dateModified\":\"2016-01-12T23:19:54+00:00\",\"breadcrumb\":{\"@id\":\"https:\/\/www.menschen-in-bewegung.de\/index.php\/ehrenkodex\/#breadcrumb\"},\"inLanguage\":\"de\",\"potentialAction\":[{\"@type\":\"ReadAction\",\"target\":[\"https:\/\/www.menschen-in-bewegung.de\/index.php\/ehrenkodex\/\"]}]},{\"@type\":\"BreadcrumbList\",\"@id\":\"https:\/\/www.menschen-in-bewegung.de\/index.php\/ehrenkodex\/#breadcrumb\",\"itemListElement\":[{\"@type\":\"ListItem\",\"position\":1,\"name\":\"Home\",\"item\":\"https:\/\/www.menschen-in-bewegung.de\/\"},{\"@type\":\"ListItem\",\"position\":2,\"name\":\"Ehrenkodex\"}]},{\"@type\":\"WebSite\",\"@id\":\"https:\/\/www.menschen-in-bewegung.de\/#website\",\"url\":\"https:\/\/www.menschen-in-bewegung.de\/\",\"name\":\"Menschen in Bewegung e.V.\",\"description\":\"\",\"publisher\":{\"@id\":\"https:\/\/www.menschen-in-bewegung.de\/#organization\"},\"potentialAction\":[{\"@type\":\"SearchAction\",\"target\":{\"@type\":\"EntryPoint\",\"urlTemplate\":\"https:\/\/www.menschen-in-bewegung.de\/?s={search_term_string}\"},\"query-input\":{\"@type\":\"PropertyValueSpecification\",\"valueRequired\":true,\"valueName\":\"search_term_string\"}}],\"inLanguage\":\"de\"},{\"@type\":\"Organization\",\"@id\":\"https:\/\/www.menschen-in-bewegung.de\/#organization\",\"name\":\"Menschen in Bewegung e.V.\",\"url\":\"https:\/\/www.menschen-in-bewegung.de\/\",\"logo\":{\"@type\":\"ImageObject\",\"inLanguage\":\"de\",\"@id\":\"https:\/\/www.menschen-in-bewegung.de\/#\/schema\/logo\/image\/\",\"url\":\"https:\/\/www.menschen-in-bewegung.de\/wp-content\/uploads\/2015\/11\/logo_mebe_v2.png\",\"contentUrl\":\"https:\/\/www.menschen-in-bewegung.de\/wp-content\/uploads\/2015\/11\/logo_mebe_v2.png\",\"width\":500,\"height\":100,\"caption\":\"Menschen in Bewegung e.V.\"},\"image\":{\"@id\":\"https:\/\/www.menschen-in-bewegung.de\/#\/schema\/logo\/image\/\"}}]}<\/script>\n<!-- \/ Yoast SEO plugin. -->","yoast_head_json":{"title":"Ehrenkodex - Menschen in Bewegung e.V.","robots":{"index":"index","follow":"follow","max-snippet":"max-snippet:-1","max-image-preview":"max-image-preview:large","max-video-preview":"max-video-preview:-1"},"canonical":"https:\/\/www.menschen-in-bewegung.de\/index.php\/ehrenkodex\/","og_locale":"de_DE","og_type":"article","og_title":"Ehrenkodex - Menschen in Bewegung e.V.","og_description":"Die Trainer von Menschen in Bewegung e.V. unterwerfen sich freiwillig dem Ehrenkodex des Landessportverbandes Schleswig Holstein sowie Sportjugend Schleswig-Holstein f\u00fcr alle ehrenamtlich und hauptberuflich T\u00e4tigen in Sportvereinen und -verb\u00e4nden zum ... Weiterlesen","og_url":"https:\/\/www.menschen-in-bewegung.de\/index.php\/ehrenkodex\/","og_site_name":"Menschen in Bewegung e.V.","article_modified_time":"2016-01-12T23:19:54+00:00","twitter_card":"summary_large_image","twitter_misc":{"Gesch\u00e4tzte Lesezeit":"2\u00a0Minuten"},"schema":{"@context":"https:\/\/schema.org","@graph":[{"@type":"WebPage","@id":"https:\/\/www.menschen-in-bewegung.de\/index.php\/ehrenkodex\/","url":"https:\/\/www.menschen-in-bewegung.de\/index.php\/ehrenkodex\/","name":"Ehrenkodex - Menschen in Bewegung e.V.","isPartOf":{"@id":"https:\/\/www.menschen-in-bewegung.de\/#website"},"datePublished":"2016-01-10T21:11:44+00:00","dateModified":"2016-01-12T23:19:54+00:00","breadcrumb":{"@id":"https:\/\/www.menschen-in-bewegung.de\/index.php\/ehrenkodex\/#breadcrumb"},"inLanguage":"de","potentialAction":[{"@type":"ReadAction","target":["https:\/\/www.menschen-in-bewegung.de\/index.php\/ehrenkodex\/"]}]},{"@type":"BreadcrumbList","@id":"https:\/\/www.menschen-in-bewegung.de\/index.php\/ehrenkodex\/#breadcrumb","itemListElement":[{"@type":"ListItem","position":1,"name":"Home","item":"https:\/\/www.menschen-in-bewegung.de\/"},{"@type":"ListItem","position":2,"name":"Ehrenkodex"}]},{"@type":"WebSite","@id":"https:\/\/www.menschen-in-bewegung.de\/#website","url":"https:\/\/www.menschen-in-bewegung.de\/","name":"Menschen in Bewegung e.V.","description":"","publisher":{"@id":"https:\/\/www.menschen-in-bewegung.de\/#organization"},"potentialAction":[{"@type":"SearchAction","target":{"@type":"EntryPoint","urlTemplate":"https:\/\/www.menschen-in-bewegung.de\/?s={search_term_string}"},"query-input":{"@type":"PropertyValueSpecification","valueRequired":true,"valueName":"search_term_string"}}],"inLanguage":"de"},{"@type":"Organization","@id":"https:\/\/www.menschen-in-bewegung.de\/#organization","name":"Menschen in Bewegung e.V.","url":"https:\/\/www.menschen-in-bewegung.de\/","logo":{"@type":"ImageObject","inLanguage":"de","@id":"https:\/\/www.menschen-in-bewegung.de\/#\/schema\/logo\/image\/","url":"https:\/\/www.menschen-in-bewegung.de\/wp-content\/uploads\/2015\/11\/logo_mebe_v2.png","contentUrl":"https:\/\/www.menschen-in-bewegung.de\/wp-content\/uploads\/2015\/11\/logo_mebe_v2.png","width":500,"height":100,"caption":"Menschen in Bewegung e.V."},"image":{"@id":"https:\/\/www.menschen-in-bewegung.de\/#\/schema\/logo\/image\/"}}]}},"_links":{"self":[{"href":"https:\/\/www.menschen-in-bewegung.de\/index.php\/wp-json\/wp\/v2\/pages\/388","targetHints":{"allow":["GET"]}}],"collection":[{"href":"https:\/\/www.menschen-in-bewegung.de\/index.php\/wp-json\/wp\/v2\/pages"}],"about":[{"href":"https:\/\/www.menschen-in-bewegung.de\/index.php\/wp-json\/wp\/v2\/types\/page"}],"author":[{"embeddable":true,"href":"https:\/\/www.menschen-in-bewegung.de\/index.php\/wp-json\/wp\/v2\/users\/7"}],"replies":[{"embeddable":true,"href":"https:\/\/www.menschen-in-bewegung.de\/index.php\/wp-json\/wp\/v2\/comments?post=388"}],"version-history":[{"count":6,"href":"https:\/\/www.menschen-in-bewegung.de\/index.php\/wp-json\/wp\/v2\/pages\/388\/revisions"}],"predecessor-version":[{"id":411,"href":"https:\/\/www.menschen-in-bewegung.de\/index.php\/wp-json\/wp\/v2\/pages\/388\/revisions\/411"}],"wp:attachment":[{"href":"https:\/\/www.menschen-in-bewegung.de\/index.php\/wp-json\/wp\/v2\/media?parent=388"}],"curies":[{"name":"wp","href":"https:\/\/api.w.org\/{rel}","templated":true}]}}