{"id":395,"date":"2016-01-10T22:55:05","date_gmt":"2016-01-10T21:55:05","guid":{"rendered":"http:\/\/www.menschen-in-bewegung.de\/?page_id=395"},"modified":"2016-03-13T12:49:42","modified_gmt":"2016-03-13T11:49:42","slug":"infos-fuer-teilnehmer","status":"publish","type":"page","link":"https:\/\/www.menschen-in-bewegung.de\/index.php\/infos-fuer-teilnehmer\/","title":{"rendered":"Infos f\u00fcr Teilnehmer"},"content":{"rendered":"<p>Die \u00dcbungsleiter\/innen tragen die Verantwortung und ihren Anweisungen ist Folge zu leisten.<\/p>\n<p>Sie stehen euch jederzeit mit Rat und Tat zur Seite, wendet euch also vertrauensvoll an sie.<\/p>\n<p>F\u00fcr ein reibungsloses Miteinander und langer Freude an den Sportger\u00e4ten bitten wir euch und eure Kinder:<\/p>\n<ul>\n<li>die Sporthallen erst zum tats\u00e4chlichen Stundenbeginn zu betreten, bis dahin VOR der Hallent\u00fcr warten um den Versicherungsschutz zu gew\u00e4hrleisten.<\/li>\n<li>die Sporthallen nur barfu\u00df, in Rutschesocken, Gymnastikschuhen oder Hallenschuhen zu betreten.<\/li>\n<li>Schmuck und Uhren vor dem Sport abzunehmen.<\/li>\n<li>lange Haare zusammen zu binden.<\/li>\n<li>nur in den daf\u00fcr vorgesehenen Bereichen zu trinken.<\/li>\n<li>auf den Verzehr von Kaugummi und Bonbons w\u00e4hrend des Sports zu verzichten.<\/li>\n<li>f\u00fcr Getr\u00e4nke nur wieder verschlie\u00dfbare Plastikflaschen zu benutzen.<\/li>\n<li>auf Softgetr\u00e4nke wie Cola, Fanta etc. zu verzichten. Unser Vorschlag: Selter ohne oder mit wenig Kohlens\u00e4ure.<\/li>\n<li>beim Auf- und Abbauen mitzuhelfen, jeder nach seinen pers\u00f6nlichen M\u00f6glichkeiten und F\u00e4higkeiten.<\/li>\n<li>die Ger\u00e4tegaragen nur nach Absprache mit den \u00dcbungsleiter\/innen zu betreten. Hier gilt Spiel- und Turnstop.<\/li>\n<li>mit dem Turnen, Klettern und Springen zu warten, bis die \u00dcbungsleiter\/innen die Ger\u00e4te frei geben.<\/li>\n<li>auf mitgebrachtes Spielzeug zu achten.<\/li>\n<li>beim Verlassen der Halle den \u00dcbungsleiter\/innen Bescheid zu geben.<\/li>\n<li>die Toiletten und Umkleider\u00e4ume sauber zu hinterlassen.<\/li>\n<\/ul>\n<p>Grunds\u00e4tzlich m\u00f6chten wir euch bitten auf Alkohol und Nikotin im Rahmen unserer Veranstaltungen zu verzichten.<\/p>\n<p>Vielen Dank!<\/p>\n","protected":false},"excerpt":{"rendered":"<p>Die \u00dcbungsleiter\/innen tragen die Verantwortung und ihren Anweisungen ist Folge zu leisten. Sie stehen euch jederzeit mit Rat und Tat zur Seite, wendet euch also vertrauensvoll an sie. F\u00fcr ein &#8230; <a class=\"read-more\" href=\"https:\/\/www.menschen-in-bewegung.de\/index.php\/infos-fuer-teilnehmer\/\"><b>Weiterlesen<\/b><\/a><\/p>\n","protected":false},"author":7,"featured_media":0,"parent":0,"menu_order":0,"comment_status":"closed","ping_status":"closed","template":"","meta":{"footnotes":""},"class_list":["post-395","page","type-page","status-publish"],"yoast_head":"<!-- This site is optimized with the Yoast SEO plugin v26.8 - https:\/\/yoast.com\/product\/yoast-seo-wordpress\/ -->\n<title>Infos f\u00fcr Teilnehmer - Menschen in Bewegung e.V.<\/title>\n<meta name=\"robots\" content=\"index, follow, max-snippet:-1, max-image-preview:large, max-video-preview:-1\" \/>\n<link rel=\"canonical\" href=\"https:\/\/www.menschen-in-bewegung.de\/index.php\/infos-fuer-teilnehmer\/\" \/>\n<meta property=\"og:locale\" content=\"de_DE\" \/>\n<meta property=\"og:type\" content=\"article\" \/>\n<meta property=\"og:title\" content=\"Infos f\u00fcr Teilnehmer - Menschen in Bewegung e.V.\" \/>\n<meta property=\"og:description\" content=\"Die \u00dcbungsleiter\/innen tragen die Verantwortung und ihren Anweisungen ist Folge zu leisten. Sie stehen euch jederzeit mit Rat und Tat zur Seite, wendet euch also vertrauensvoll an sie. F\u00fcr ein ... Weiterlesen\" \/>\n<meta property=\"og:url\" content=\"https:\/\/www.menschen-in-bewegung.de\/index.php\/infos-fuer-teilnehmer\/\" \/>\n<meta property=\"og:site_name\" content=\"Menschen in Bewegung e.V.\" \/>\n<meta property=\"article:modified_time\" content=\"2016-03-13T11:49:42+00:00\" \/>\n<meta name=\"twitter:card\" content=\"summary_large_image\" \/>\n<meta name=\"twitter:label1\" content=\"Gesch\u00e4tzte Lesezeit\" \/>\n\t<meta name=\"twitter:data1\" content=\"1\u00a0Minute\" \/>\n<script type=\"application\/ld+json\" class=\"yoast-schema-graph\">{\"@context\":\"https:\/\/schema.org\",\"@graph\":[{\"@type\":\"WebPage\",\"@id\":\"https:\/\/www.menschen-in-bewegung.de\/index.php\/infos-fuer-teilnehmer\/\",\"url\":\"https:\/\/www.menschen-in-bewegung.de\/index.php\/infos-fuer-teilnehmer\/\",\"name\":\"Infos f\u00fcr Teilnehmer - Menschen in Bewegung e.V.\",\"isPartOf\":{\"@id\":\"https:\/\/www.menschen-in-bewegung.de\/#website\"},\"datePublished\":\"2016-01-10T21:55:05+00:00\",\"dateModified\":\"2016-03-13T11:49:42+00:00\",\"breadcrumb\":{\"@id\":\"https:\/\/www.menschen-in-bewegung.de\/index.php\/infos-fuer-teilnehmer\/#breadcrumb\"},\"inLanguage\":\"de\",\"potentialAction\":[{\"@type\":\"ReadAction\",\"target\":[\"https:\/\/www.menschen-in-bewegung.de\/index.php\/infos-fuer-teilnehmer\/\"]}]},{\"@type\":\"BreadcrumbList\",\"@id\":\"https:\/\/www.menschen-in-bewegung.de\/index.php\/infos-fuer-teilnehmer\/#breadcrumb\",\"itemListElement\":[{\"@type\":\"ListItem\",\"position\":1,\"name\":\"Home\",\"item\":\"https:\/\/www.menschen-in-bewegung.de\/\"},{\"@type\":\"ListItem\",\"position\":2,\"name\":\"Infos f\u00fcr Teilnehmer\"}]},{\"@type\":\"WebSite\",\"@id\":\"https:\/\/www.menschen-in-bewegung.de\/#website\",\"url\":\"https:\/\/www.menschen-in-bewegung.de\/\",\"name\":\"Menschen in Bewegung e.V.\",\"description\":\"\",\"publisher\":{\"@id\":\"https:\/\/www.menschen-in-bewegung.de\/#organization\"},\"potentialAction\":[{\"@type\":\"SearchAction\",\"target\":{\"@type\":\"EntryPoint\",\"urlTemplate\":\"https:\/\/www.menschen-in-bewegung.de\/?s={search_term_string}\"},\"query-input\":{\"@type\":\"PropertyValueSpecification\",\"valueRequired\":true,\"valueName\":\"search_term_string\"}}],\"inLanguage\":\"de\"},{\"@type\":\"Organization\",\"@id\":\"https:\/\/www.menschen-in-bewegung.de\/#organization\",\"name\":\"Menschen in Bewegung e.V.\",\"url\":\"https:\/\/www.menschen-in-bewegung.de\/\",\"logo\":{\"@type\":\"ImageObject\",\"inLanguage\":\"de\",\"@id\":\"https:\/\/www.menschen-in-bewegung.de\/#\/schema\/logo\/image\/\",\"url\":\"https:\/\/www.menschen-in-bewegung.de\/wp-content\/uploads\/2015\/11\/logo_mebe_v2.png\",\"contentUrl\":\"https:\/\/www.menschen-in-bewegung.de\/wp-content\/uploads\/2015\/11\/logo_mebe_v2.png\",\"width\":500,\"height\":100,\"caption\":\"Menschen in Bewegung e.V.\"},\"image\":{\"@id\":\"https:\/\/www.menschen-in-bewegung.de\/#\/schema\/logo\/image\/\"}}]}<\/script>\n<!-- \/ Yoast SEO plugin. -->","yoast_head_json":{"title":"Infos f\u00fcr Teilnehmer - Menschen in Bewegung e.V.","robots":{"index":"index","follow":"follow","max-snippet":"max-snippet:-1","max-image-preview":"max-image-preview:large","max-video-preview":"max-video-preview:-1"},"canonical":"https:\/\/www.menschen-in-bewegung.de\/index.php\/infos-fuer-teilnehmer\/","og_locale":"de_DE","og_type":"article","og_title":"Infos f\u00fcr Teilnehmer - Menschen in Bewegung e.V.","og_description":"Die \u00dcbungsleiter\/innen tragen die Verantwortung und ihren Anweisungen ist Folge zu leisten. Sie stehen euch jederzeit mit Rat und Tat zur Seite, wendet euch also vertrauensvoll an sie. F\u00fcr ein ... Weiterlesen","og_url":"https:\/\/www.menschen-in-bewegung.de\/index.php\/infos-fuer-teilnehmer\/","og_site_name":"Menschen in Bewegung e.V.","article_modified_time":"2016-03-13T11:49:42+00:00","twitter_card":"summary_large_image","twitter_misc":{"Gesch\u00e4tzte Lesezeit":"1\u00a0Minute"},"schema":{"@context":"https:\/\/schema.org","@graph":[{"@type":"WebPage","@id":"https:\/\/www.menschen-in-bewegung.de\/index.php\/infos-fuer-teilnehmer\/","url":"https:\/\/www.menschen-in-bewegung.de\/index.php\/infos-fuer-teilnehmer\/","name":"Infos f\u00fcr Teilnehmer - Menschen in Bewegung e.V.","isPartOf":{"@id":"https:\/\/www.menschen-in-bewegung.de\/#website"},"datePublished":"2016-01-10T21:55:05+00:00","dateModified":"2016-03-13T11:49:42+00:00","breadcrumb":{"@id":"https:\/\/www.menschen-in-bewegung.de\/index.php\/infos-fuer-teilnehmer\/#breadcrumb"},"inLanguage":"de","potentialAction":[{"@type":"ReadAction","target":["https:\/\/www.menschen-in-bewegung.de\/index.php\/infos-fuer-teilnehmer\/"]}]},{"@type":"BreadcrumbList","@id":"https:\/\/www.menschen-in-bewegung.de\/index.php\/infos-fuer-teilnehmer\/#breadcrumb","itemListElement":[{"@type":"ListItem","position":1,"name":"Home","item":"https:\/\/www.menschen-in-bewegung.de\/"},{"@type":"ListItem","position":2,"name":"Infos f\u00fcr Teilnehmer"}]},{"@type":"WebSite","@id":"https:\/\/www.menschen-in-bewegung.de\/#website","url":"https:\/\/www.menschen-in-bewegung.de\/","name":"Menschen in Bewegung e.V.","description":"","publisher":{"@id":"https:\/\/www.menschen-in-bewegung.de\/#organization"},"potentialAction":[{"@type":"SearchAction","target":{"@type":"EntryPoint","urlTemplate":"https:\/\/www.menschen-in-bewegung.de\/?s={search_term_string}"},"query-input":{"@type":"PropertyValueSpecification","valueRequired":true,"valueName":"search_term_string"}}],"inLanguage":"de"},{"@type":"Organization","@id":"https:\/\/www.menschen-in-bewegung.de\/#organization","name":"Menschen in Bewegung e.V.","url":"https:\/\/www.menschen-in-bewegung.de\/","logo":{"@type":"ImageObject","inLanguage":"de","@id":"https:\/\/www.menschen-in-bewegung.de\/#\/schema\/logo\/image\/","url":"https:\/\/www.menschen-in-bewegung.de\/wp-content\/uploads\/2015\/11\/logo_mebe_v2.png","contentUrl":"https:\/\/www.menschen-in-bewegung.de\/wp-content\/uploads\/2015\/11\/logo_mebe_v2.png","width":500,"height":100,"caption":"Menschen in Bewegung e.V."},"image":{"@id":"https:\/\/www.menschen-in-bewegung.de\/#\/schema\/logo\/image\/"}}]}},"_links":{"self":[{"href":"https:\/\/www.menschen-in-bewegung.de\/index.php\/wp-json\/wp\/v2\/pages\/395","targetHints":{"allow":["GET"]}}],"collection":[{"href":"https:\/\/www.menschen-in-bewegung.de\/index.php\/wp-json\/wp\/v2\/pages"}],"about":[{"href":"https:\/\/www.menschen-in-bewegung.de\/index.php\/wp-json\/wp\/v2\/types\/page"}],"author":[{"embeddable":true,"href":"https:\/\/www.menschen-in-bewegung.de\/index.php\/wp-json\/wp\/v2\/users\/7"}],"replies":[{"embeddable":true,"href":"https:\/\/www.menschen-in-bewegung.de\/index.php\/wp-json\/wp\/v2\/comments?post=395"}],"version-history":[{"count":18,"href":"https:\/\/www.menschen-in-bewegung.de\/index.php\/wp-json\/wp\/v2\/pages\/395\/revisions"}],"predecessor-version":[{"id":763,"href":"https:\/\/www.menschen-in-bewegung.de\/index.php\/wp-json\/wp\/v2\/pages\/395\/revisions\/763"}],"wp:attachment":[{"href":"https:\/\/www.menschen-in-bewegung.de\/index.php\/wp-json\/wp\/v2\/media?parent=395"}],"curies":[{"name":"wp","href":"https:\/\/api.w.org\/{rel}","templated":true}]}}